{"id":10580,"date":"2022-03-16T09:40:58","date_gmt":"2022-03-16T09:40:58","guid":{"rendered":"https:\/\/evodruck.de\/produkt\/cartes-de-visites\/"},"modified":"2022-03-30T08:00:06","modified_gmt":"2022-03-30T08:00:06","slug":"cartes-de-visite","status":"publish","type":"product","link":"https:\/\/evodruck.de\/fr\/produit\/cartes-de-visite\/","title":{"rendered":"Cartes de visite"},"content":{"rendered":"<h4>Les cartes de visite, un must pour toute entreprise<\/h4>\n<p>Une carte de visite contient vos coordonn\u00e9es et d&rsquo;autres informations importantes pour votre entreprise. Lors du premier entretien, ces donn\u00e9es sont n\u00e9cessaires pour pouvoir vous recontacter ult\u00e9rieurement. Une carte de visite est id\u00e9ale pour cela. Le client a ainsi rapidement acc\u00e8s \u00e0 toutes les informations n\u00e9cessaires sur votre entreprise.<br \/>\nDiff\u00e9rentes possibilit\u00e9s d&rsquo;impression de votre carte de visite<br \/>\nMADE4YOU-WERBUNG propose diff\u00e9rents types de papier pour votre carte de visite. Nos cartes de visite standard ont une \u00e9paisseur de papier de 300g. Si vous souhaitez quelque chose de plus raffin\u00e9, nous vous proposons une \u00e9paisseur de papier de 400g. Pour nos clients soucieux de l&rsquo;environnement, nous avons bien s\u00fbr aussi le papier recycl\u00e9 ad\u00e9quat !<\/p>\n<p>Nous pouvons imprimer votre carte de visite sur une ou deux faces. Vous pouvez \u00e9galement opter pour une carte de visite \u00e0 rabat si vous avez besoin d&rsquo;un peu plus de place pour vos informations importantes.<\/p>\n<p>Vous n&rsquo;avez pas encore de PDF pr\u00eat \u00e0 imprimer ?<br \/>\nAlors visitez notre \u00ab\u00a0service de mise en page\u00a0\u00bb. Nous vous cr\u00e9ons ici un PDF pr\u00eat \u00e0 l&rsquo;impression \u00e0 des prix imbattables. T\u00e9l\u00e9chargez-nous vos photos et \u00e9crivez-nous vos souhaits et vos id\u00e9es pr\u00e9cises, et nous pourrons commencer \u00e0 travailler sur votre design. Nous nous conformons volontiers \u00e0 votre Corporate Design.<\/p>\n<p>Vous n&rsquo;avez pas encore d&rsquo;id\u00e9e pour la mise en page de votre carte de visite ? Ce n&rsquo;est pas un probl\u00e8me. Nos collaborateurs qualifi\u00e9s trouvent toujours une solution adapt\u00e9e. Donnez-nous quelques informations sur votre entreprise, vos produits, vos services, vos couleurs, etc. et nous trouverons ensemble le moyen de cr\u00e9er la mise en page parfaite.<\/p>\n","protected":false},"excerpt":{"rendered":"<p>Faites imprimer vos cartes de visite \u00e0 un prix avantageux, dans diff\u00e9rents types de papier, de formats et de finitions.<\/p>\n<p>Si vous souhaitez un autre papier ou une finition sp\u00e9ciale qui n&rsquo;est pas mentionn\u00e9e ici, veuillez nous \u00e9crire via notre formulaire de contact.<\/p>\n","protected":false},"featured_media":10396,"template":"","meta":[],"product_cat":[261,259],"product_tag":[],"class_list":["post-10580","product","type-product","status-publish","has-post-thumbnail","hentry","product_cat-cartes-de-visite","product_cat-produits-dimpression","pa_auflage-50-pieces","pa_auflage-100-stueck-fr","pa_auflage-200-stueck-fr","pa_auflage-250-stueck-fr","pa_auflage-500-stueck-fr","pa_auflage-750-stueck-fr","pa_auflage-1000-pieces","pa_auflage-1-500-pieces","pa_auflage-2-000-pieces","pa_auflage-2-500-pieces","pa_auflage-5-000-pieces","pa_auflage-7-500-pieces","pa_auflage-10-000-pieces","pa_groesse-85-x-55-mm-fr","pa_groesse-90-x-50-mm-fr","pa_papier-300g-de-carton-recycle","pa_papier-300g-de-chamois-noble","pa_papier-340g-edel-blanc-superieur","pa_papier-350g-carton-offset-inscriptible-tamponnable","pa_papier-350g-cotele-noble","pa_papier-350g-de-lin-precieux","pa_papier-350g-impression-photo-mate","pa_papier-350g-papier-couche-brillant","pa_papier-400g-impression-photo-mate","pa_papier-400g-papier-couche-brillant","pa_seiten-1-page-recto","pa_seiten-2-pages-recto-verso","pa_seiten-4-seitig-klappvisitenkarte-fr","rtwpvg-product"],"yoast_head":"<!-- This site is optimized with the Yoast SEO plugin v20.13 - https:\/\/yoast.com\/wordpress\/plugins\/seo\/ -->\n<title>Cartes de visite - Made4you Publicit\u00e9<\/title>\n<meta name=\"robots\" content=\"index, follow, max-snippet:-1, max-image-preview:large, max-video-preview:-1\" \/>\n<link rel=\"canonical\" href=\"https:\/\/evodruck.de\/produit\/visitenkarten\/\" \/>\n<meta property=\"og:locale\" content=\"fr_FR\" \/>\n<meta property=\"og:type\" content=\"article\" \/>\n<meta property=\"og:title\" content=\"Cartes de visite - Made4you Publicit\u00e9\" \/>\n<meta property=\"og:description\" content=\"Faites imprimer vos cartes de visite \u00e0 un prix avantageux, dans diff\u00e9rents types de papier, de formats et de finitions.  Si vous souhaitez un autre papier ou une finition sp\u00e9ciale qui n&#039;est pas mentionn\u00e9e ici, veuillez nous \u00e9crire via notre formulaire de contact.\" \/>\n<meta property=\"og:url\" content=\"https:\/\/evodruck.de\/produit\/visitenkarten\/\" \/>\n<meta property=\"og:site_name\" content=\"Made4you Publicit\u00e9\" \/>\n<meta property=\"article:modified_time\" content=\"2022-03-30T08:00:06+00:00\" \/>\n<meta property=\"og:image\" content=\"https:\/\/evodruck.de\/wp-content\/uploads\/2022\/03\/Visitenkarten-Gestaltung.png\" \/>\n\t<meta property=\"og:image:width\" content=\"500\" \/>\n\t<meta property=\"og:image:height\" content=\"360\" \/>\n\t<meta property=\"og:image:type\" content=\"image\/png\" \/>\n<meta name=\"twitter:card\" content=\"summary_large_image\" \/>\n<meta name=\"twitter:label1\" content=\"Dur\u00e9e de lecture estim\u00e9e\" \/>\n\t<meta name=\"twitter:data1\" content=\"1 minute\" \/>\n<script type=\"application\/ld+json\" class=\"yoast-schema-graph\">{\"@context\":\"https:\/\/schema.org\",\"@graph\":[{\"@type\":\"WebPage\",\"@id\":\"https:\/\/evodruck.de\/produit\/visitenkarten\/\",\"url\":\"https:\/\/evodruck.de\/produit\/visitenkarten\/\",\"name\":\"Cartes de visite - Made4you Publicit\u00e9\",\"isPartOf\":{\"@id\":\"https:\/\/evodruck.de\/#website\"},\"datePublished\":\"2022-03-16T09:40:58+00:00\",\"dateModified\":\"2022-03-30T08:00:06+00:00\",\"breadcrumb\":{\"@id\":\"https:\/\/evodruck.de\/produit\/visitenkarten\/#breadcrumb\"},\"inLanguage\":\"fr-FR\",\"potentialAction\":[{\"@type\":\"ReadAction\",\"target\":[\"https:\/\/evodruck.de\/produit\/visitenkarten\/\"]}]},{\"@type\":\"BreadcrumbList\",\"@id\":\"https:\/\/evodruck.de\/produit\/visitenkarten\/#breadcrumb\",\"itemListElement\":[{\"@type\":\"ListItem\",\"position\":1,\"name\":\"Startseite\",\"item\":\"https:\/\/evodruck.de\/fr\/\"},{\"@type\":\"ListItem\",\"position\":2,\"name\":\"Unsere Preise\",\"item\":\"https:\/\/evodruck.de\/shop\/\"},{\"@type\":\"ListItem\",\"position\":3,\"name\":\"Cartes de visite\"}]},{\"@type\":\"WebSite\",\"@id\":\"https:\/\/evodruck.de\/#website\",\"url\":\"https:\/\/evodruck.de\/\",\"name\":\"Made4you Publicit\u00e9\",\"description\":\"\u00e0 Wasserbillig (LU) &amp; Konz (DE). Votre partenaire en mati\u00e8re de publicit\u00e9, d&#039;impression, de graphisme, d&#039;impression textile, de broderie, de cadeaux publicitaires, de webdesign, de fournitures pour les associations et bien plus encore.\",\"publisher\":{\"@id\":\"https:\/\/evodruck.de\/#organization\"},\"potentialAction\":[{\"@type\":\"SearchAction\",\"target\":{\"@type\":\"EntryPoint\",\"urlTemplate\":\"https:\/\/evodruck.de\/?s={search_term_string}\"},\"query-input\":\"required name=search_term_string\"}],\"inLanguage\":\"fr-FR\"},{\"@type\":\"Organization\",\"@id\":\"https:\/\/evodruck.de\/#organization\",\"name\":\"Made4you Publicit\u00e9\",\"url\":\"https:\/\/evodruck.de\/\",\"logo\":{\"@type\":\"ImageObject\",\"inLanguage\":\"fr-FR\",\"@id\":\"https:\/\/evodruck.de\/#\/schema\/logo\/image\/\",\"url\":\"https:\/\/evodruck.de\/wp-content\/uploads\/2026\/01\/logo.png\",\"contentUrl\":\"https:\/\/evodruck.de\/wp-content\/uploads\/2026\/01\/logo.png\",\"width\":403,\"height\":100,\"caption\":\"Made4you Publicit\u00e9\"},\"image\":{\"@id\":\"https:\/\/evodruck.de\/#\/schema\/logo\/image\/\"}}]}<\/script>\n<!-- \/ Yoast SEO plugin. -->","yoast_head_json":{"title":"Cartes de visite - Made4you Publicit\u00e9","robots":{"index":"index","follow":"follow","max-snippet":"max-snippet:-1","max-image-preview":"max-image-preview:large","max-video-preview":"max-video-preview:-1"},"canonical":"https:\/\/evodruck.de\/produit\/visitenkarten\/","og_locale":"fr_FR","og_type":"article","og_title":"Cartes de visite - Made4you Publicit\u00e9","og_description":"Faites imprimer vos cartes de visite \u00e0 un prix avantageux, dans diff\u00e9rents types de papier, de formats et de finitions.  Si vous souhaitez un autre papier ou une finition sp\u00e9ciale qui n'est pas mentionn\u00e9e ici, veuillez nous \u00e9crire via notre formulaire de contact.","og_url":"https:\/\/evodruck.de\/produit\/visitenkarten\/","og_site_name":"Made4you Publicit\u00e9","article_modified_time":"2022-03-30T08:00:06+00:00","og_image":[{"width":500,"height":360,"url":"https:\/\/evodruck.de\/wp-content\/uploads\/2022\/03\/Visitenkarten-Gestaltung.png","type":"image\/png"}],"twitter_card":"summary_large_image","twitter_misc":{"Dur\u00e9e de lecture estim\u00e9e":"1 minute"},"schema":{"@context":"https:\/\/schema.org","@graph":[{"@type":"WebPage","@id":"https:\/\/evodruck.de\/produit\/visitenkarten\/","url":"https:\/\/evodruck.de\/produit\/visitenkarten\/","name":"Cartes de visite - Made4you Publicit\u00e9","isPartOf":{"@id":"https:\/\/evodruck.de\/#website"},"datePublished":"2022-03-16T09:40:58+00:00","dateModified":"2022-03-30T08:00:06+00:00","breadcrumb":{"@id":"https:\/\/evodruck.de\/produit\/visitenkarten\/#breadcrumb"},"inLanguage":"fr-FR","potentialAction":[{"@type":"ReadAction","target":["https:\/\/evodruck.de\/produit\/visitenkarten\/"]}]},{"@type":"BreadcrumbList","@id":"https:\/\/evodruck.de\/produit\/visitenkarten\/#breadcrumb","itemListElement":[{"@type":"ListItem","position":1,"name":"Startseite","item":"https:\/\/evodruck.de\/fr\/"},{"@type":"ListItem","position":2,"name":"Unsere Preise","item":"https:\/\/evodruck.de\/shop\/"},{"@type":"ListItem","position":3,"name":"Cartes de visite"}]},{"@type":"WebSite","@id":"https:\/\/evodruck.de\/#website","url":"https:\/\/evodruck.de\/","name":"Made4you Publicit\u00e9","description":"\u00e0 Wasserbillig (LU) &amp; Konz (DE). Votre partenaire en mati\u00e8re de publicit\u00e9, d&#039;impression, de graphisme, d&#039;impression textile, de broderie, de cadeaux publicitaires, de webdesign, de fournitures pour les associations et bien plus encore.","publisher":{"@id":"https:\/\/evodruck.de\/#organization"},"potentialAction":[{"@type":"SearchAction","target":{"@type":"EntryPoint","urlTemplate":"https:\/\/evodruck.de\/?s={search_term_string}"},"query-input":"required name=search_term_string"}],"inLanguage":"fr-FR"},{"@type":"Organization","@id":"https:\/\/evodruck.de\/#organization","name":"Made4you Publicit\u00e9","url":"https:\/\/evodruck.de\/","logo":{"@type":"ImageObject","inLanguage":"fr-FR","@id":"https:\/\/evodruck.de\/#\/schema\/logo\/image\/","url":"https:\/\/evodruck.de\/wp-content\/uploads\/2026\/01\/logo.png","contentUrl":"https:\/\/evodruck.de\/wp-content\/uploads\/2026\/01\/logo.png","width":403,"height":100,"caption":"Made4you Publicit\u00e9"},"image":{"@id":"https:\/\/evodruck.de\/#\/schema\/logo\/image\/"}}]}},"_links":{"self":[{"href":"https:\/\/evodruck.de\/fr\/wp-json\/wp\/v2\/product\/10580","targetHints":{"allow":["GET"]}}],"collection":[{"href":"https:\/\/evodruck.de\/fr\/wp-json\/wp\/v2\/product"}],"about":[{"href":"https:\/\/evodruck.de\/fr\/wp-json\/wp\/v2\/types\/product"}],"version-history":[{"count":1,"href":"https:\/\/evodruck.de\/fr\/wp-json\/wp\/v2\/product\/10580\/revisions"}],"predecessor-version":[{"id":10597,"href":"https:\/\/evodruck.de\/fr\/wp-json\/wp\/v2\/product\/10580\/revisions\/10597"}],"wp:featuredmedia":[{"embeddable":true,"href":"https:\/\/evodruck.de\/fr\/wp-json\/wp\/v2\/media\/10396"}],"wp:attachment":[{"href":"https:\/\/evodruck.de\/fr\/wp-json\/wp\/v2\/media?parent=10580"}],"wp:term":[{"taxonomy":"product_cat","embeddable":true,"href":"https:\/\/evodruck.de\/fr\/wp-json\/wp\/v2\/product_cat?post=10580"},{"taxonomy":"product_tag","embeddable":true,"href":"https:\/\/evodruck.de\/fr\/wp-json\/wp\/v2\/product_tag?post=10580"}],"curies":[{"name":"wp","href":"https:\/\/api.w.org\/{rel}","templated":true}]}}