{"id":7917,"date":"2022-02-10T12:16:32","date_gmt":"2022-02-10T12:16:32","guid":{"rendered":"https:\/\/evodruck.de\/contactform-include\/"},"modified":"2022-02-22T16:43:38","modified_gmt":"2022-02-22T16:43:38","slug":"contactform-include","status":"publish","type":"page","link":"https:\/\/evodruck.de\/fr\/contactform-include\/","title":{"rendered":"contactform include"},"content":{"rendered":"\t\t<div data-elementor-type=\"wp-page\" data-elementor-id=\"7917\" class=\"elementor elementor-7917 elementor-7381\">\n\t\t\t\t\t\t<section class=\"penci-section penci-disSticky penci-structure-10 elementor-section elementor-top-section elementor-element elementor-element-912ce19 elementor-section-full_width elementor-section-height-default elementor-section-height-default\" data-id=\"912ce19\" data-element_type=\"section\">\n\t\t\t\t\t\t<div class=\"elementor-container elementor-column-gap-default\">\n\t\t\t\t\t<div class=\"penci-ercol-100 penci-ercol-order-1 penci-sticky-ct    elementor-column elementor-col-100 elementor-top-column elementor-element elementor-element-8b7cc40\" data-id=\"8b7cc40\" data-element_type=\"column\">\n\t\t\t<div class=\"elementor-widget-wrap elementor-element-populated\">\n\t\t\t\t\t\t<div class=\"elementor-element elementor-element-711323c elementor-invisible elementor-widget elementor-widget-shortcode\" data-id=\"711323c\" data-element_type=\"widget\" data-settings=\"{&quot;_animation&quot;:&quot;shake&quot;}\" data-widget_type=\"shortcode.default\">\n\t\t\t\t<div class=\"elementor-widget-container\">\n\t\t\t\t\t\t\t<div class=\"elementor-shortcode\">\n<div class=\"wpcf7 no-js\" id=\"wpcf7-f214-o1\" lang=\"en-US\" dir=\"ltr\" data-wpcf7-id=\"214\">\n<div class=\"screen-reader-response\"><p role=\"status\" aria-live=\"polite\" aria-atomic=\"true\"><\/p> <ul><\/ul><\/div>\n<form action=\"\/fr\/wp-json\/wp\/v2\/pages\/7917#wpcf7-f214-o1\" method=\"post\" class=\"wpcf7-form init\" aria-label=\"Contact form\" novalidate=\"novalidate\" data-status=\"init\">\n<fieldset class=\"hidden-fields-container\"><input type=\"hidden\" name=\"_wpcf7\" value=\"214\" \/><input type=\"hidden\" name=\"_wpcf7_version\" value=\"6.1.4\" \/><input type=\"hidden\" name=\"_wpcf7_locale\" value=\"en_US\" \/><input type=\"hidden\" name=\"_wpcf7_unit_tag\" value=\"wpcf7-f214-o1\" \/><input type=\"hidden\" name=\"_wpcf7_container_post\" value=\"0\" \/><input type=\"hidden\" name=\"_wpcf7_posted_data_hash\" value=\"\" \/><input type=\"hidden\" name=\"_wpcf7_recaptcha_response\" value=\"\" \/>\n<\/fieldset>\n<div class=\"name\">\n\t<p><span class=\"wpcf7-form-control-wrap\" data-name=\"your-name\"><input size=\"40\" maxlength=\"400\" class=\"wpcf7-form-control wpcf7-text wpcf7-validates-as-required\" aria-required=\"true\" aria-invalid=\"false\" placeholder=\"Name*\" value=\"\" type=\"text\" name=\"your-name\" \/><\/span>\n\t<\/p>\n<\/div>\n<div class=\"email1\">\n\t<p><span class=\"wpcf7-form-control-wrap\" data-name=\"your-email\"><input size=\"40\" maxlength=\"400\" class=\"wpcf7-form-control wpcf7-email wpcf7-validates-as-required wpcf7-text wpcf7-validates-as-email\" aria-required=\"true\" aria-invalid=\"false\" placeholder=\"Email*\" value=\"\" type=\"email\" name=\"your-email\" \/><\/span>\n\t<\/p>\n<\/div>\n<div class=\"tel\">\n\t<p><span class=\"wpcf7-form-control-wrap\" data-name=\"your-tel\"><input size=\"40\" maxlength=\"400\" class=\"wpcf7-form-control wpcf7-tel wpcf7-text wpcf7-validates-as-tel\" aria-invalid=\"false\" placeholder=\"Telefon\" value=\"\" type=\"tel\" name=\"your-tel\" \/><\/span>\n\t<\/p>\n<\/div>\n<p><span id=\"wpcf7-69df2bd54c614-wrapper\" class=\"wpcf7-form-control-wrap mail-194-wrap\" style=\"display:none !important; visibility:hidden !important;\"><input type=\"hidden\" name=\"mail-194-time-start\" value=\"1776233429\"><input type=\"hidden\" name=\"mail-194-time-check\" value=\"60\"><label for=\"wpcf7-69df2bd54c614-field\" class=\"hp-message\">Please leave this field empty.<\/label><input id=\"wpcf7-69df2bd54c614-field\"  placeholder=\"mail\"  class=\"wpcf7-form-control wpcf7-text\" type=\"text\" name=\"mail-194\" value=\"\" size=\"40\" tabindex=\"-1\" autocomplete=\"off\" \/><\/span>\n<\/p>\n<p><span id=\"wpcf7-69df2bd54c665-wrapper\" class=\"wpcf7-form-control-wrap mail-194-wrap\" style=\"display:none !important; visibility:hidden !important;\"><input type=\"hidden\" name=\"mail-194-time-start\" value=\"1776233429\"><input type=\"hidden\" name=\"mail-194-time-check\" value=\"60\"><label for=\"wpcf7-69df2bd54c665-field\" class=\"hp-message\">Please leave this field empty.<\/label><input id=\"wpcf7-69df2bd54c665-field\"  placeholder=\"mail\"  class=\"wpcf7-form-control wpcf7-text\" type=\"text\" name=\"mail-194\" value=\"\" size=\"40\" tabindex=\"-1\" autocomplete=\"off\" \/><\/span>\n<\/p>\n<div class=\"subject1\">\n\t<p><span class=\"wpcf7-form-control-wrap\" data-name=\"your-subject\"><input size=\"40\" maxlength=\"400\" class=\"wpcf7-form-control wpcf7-text\" aria-invalid=\"false\" placeholder=\"Subject\" value=\"\" type=\"text\" name=\"your-subject\" \/><\/span>\n\t<\/p>\n<\/div>\n<div class=\"message1\">\n\t<p><span class=\"wpcf7-form-control-wrap\" data-name=\"your-message\"><textarea cols=\"40\" rows=\"10\" maxlength=\"2000\" class=\"wpcf7-form-control wpcf7-textarea wpcf7-validates-as-required\" aria-required=\"true\" aria-invalid=\"false\" placeholder=\"Your Message\" name=\"your-message\"><\/textarea><\/span>\n\t<\/p>\n<\/div>\n<div class=\"fileupload\">\n\t<p><span class=\"wpcf7-form-control-wrap\" data-name=\"Dateienhochladen\"><input size=\"40\" class=\"wpcf7-form-control wpcf7-drag-n-drop-file d-none 1\" id=\"1\" aria-invalid=\"false\" type=\"file\" multiple=\"multiple\" data-name=\"Dateienhochladen\" data-type=\"jpeg|jpg|png|bmp|svg|ai|eps|pdf|cdr|idml|id|txt|zip|rar\" data-limit=\"1000000\" data-min=\"1\" data-max=\"100\" data-id=\"214\" data-version=\"free version 1.3.6.9\" accept=\".jpeg, .jpg, .png, .bmp, .svg, .ai, .eps, .pdf, .cdr, .idml, .id, .txt, .zip, .rar\" \/><\/span>\n\t<\/p>\n<\/div>\n<p class=\"submit\"><input class=\"wpcf7-form-control wpcf7-submit has-spinner\" type=\"submit\" value=\"Submit\" \/>\n<\/p><input type=\"hidden\" id=\"ct_checkjs_cf7_248e844336797ec98478f85e7626de4a\" name=\"ct_checkjs_cf7\" value=\"0\" \/><script >setTimeout(function(){var ct_input_name = \"ct_checkjs_cf7_248e844336797ec98478f85e7626de4a\";if (document.getElementById(ct_input_name) !== null) {var ct_input_value = document.getElementById(ct_input_name).value;document.getElementById(ct_input_name).value = document.getElementById(ct_input_name).value.replace(ct_input_value, '1066747723');}}, 1000);<\/script><input\n                    class=\"apbct_special_field apbct_email_id__wp_contact_form_7\"\n                    name=\"apbct__email_id__wp_contact_form_7\"\n                    aria-label=\"apbct__label_id__wp_contact_form_7\"\n                    type=\"text\" size=\"30\" maxlength=\"200\" autocomplete=\"off\"\n                    value=\"\"\n                \/><div class=\"wpcf7-response-output\" aria-hidden=\"true\"><\/div>\n<input\n                    class=\"apbct_special_field apbct_email_id__elementor_form\"\n                    name=\"apbct__email_id__elementor_form\"\n                    aria-label=\"apbct__label_id__elementor_form\"\n                    type=\"text\" size=\"30\" maxlength=\"200\" autocomplete=\"off\"\n                    value=\"\"\n                \/><\/form>\n<\/div>\n<\/div>\n\t\t\t\t\t\t<\/div>\n\t\t\t\t<\/div>\n\t\t\t\t\t<\/div>\n\t\t<\/div>\n\t\t\t\t\t<\/div>\n\t\t<\/section>\n\t\t\t\t<section class=\"penci-section penci-disSticky penci-structure-10 elementor-section elementor-top-section elementor-element elementor-element-909b5a2 elementor-section-boxed elementor-section-height-default elementor-section-height-default\" data-id=\"909b5a2\" data-element_type=\"section\">\n\t\t\t\t\t\t<div class=\"elementor-container elementor-column-gap-default\">\n\t\t\t\t\t<div class=\"penci-ercol-100 penci-ercol-order-1 penci-sticky-ct    elementor-column elementor-col-100 elementor-top-column elementor-element elementor-element-11a08c9\" data-id=\"11a08c9\" data-element_type=\"column\">\n\t\t\t<div class=\"elementor-widget-wrap elementor-element-populated\">\n\t\t\t\t\t\t<div class=\"elementor-element elementor-element-21ba748 elementor-widget elementor-widget-text-editor\" data-id=\"21ba748\" data-element_type=\"widget\" data-widget_type=\"text-editor.default\">\n\t\t\t\t<div class=\"elementor-widget-container\">\n\t\t\t\t\t\t\t\t\t<p>Si l&rsquo;envoi d&rsquo;e-mail via le formulaire de contact ne fonctionne pas, vous pouvez envoyer un e-mail \u00e0 : info@made4you.lu<\/p>\t\t\t\t\t\t\t\t<\/div>\n\t\t\t\t<\/div>\n\t\t\t\t\t<\/div>\n\t\t<\/div>\n\t\t\t\t\t<\/div>\n\t\t<\/section>\n\t\t\t\t<\/div>\n\t\t","protected":false},"excerpt":{"rendered":"<p>Si l&rsquo;envoi d&rsquo;e-mail via le formulaire de contact ne fonctionne pas, vous pouvez envoyer un e-mail \u00e0 : info@made4you.lu<\/p>\n","protected":false},"author":1,"featured_media":0,"parent":0,"menu_order":0,"comment_status":"closed","ping_status":"closed","template":"","meta":{"footnotes":""},"class_list":["post-7917","page","type-page","status-publish","hentry"],"yoast_head":"<!-- This site is optimized with the Yoast SEO plugin v20.13 - https:\/\/yoast.com\/wordpress\/plugins\/seo\/ -->\n<title>contactform include - Made4you Publicit\u00e9<\/title>\n<meta name=\"robots\" content=\"index, follow, max-snippet:-1, max-image-preview:large, max-video-preview:-1\" \/>\n<link rel=\"canonical\" href=\"https:\/\/evodruck.de\/fr\/contactform-include\/\" \/>\n<meta property=\"og:locale\" content=\"fr_FR\" \/>\n<meta property=\"og:type\" content=\"article\" \/>\n<meta property=\"og:title\" content=\"contactform include - Made4you Publicit\u00e9\" \/>\n<meta property=\"og:description\" content=\"Si l&rsquo;envoi d&rsquo;e-mail via le formulaire de contact ne fonctionne pas, vous pouvez envoyer un e-mail \u00e0 : info@made4you.lu\" \/>\n<meta property=\"og:url\" content=\"https:\/\/evodruck.de\/fr\/contactform-include\/\" \/>\n<meta property=\"og:site_name\" content=\"Made4you Publicit\u00e9\" \/>\n<meta property=\"article:modified_time\" content=\"2022-02-22T16:43:38+00:00\" \/>\n<meta name=\"twitter:card\" content=\"summary_large_image\" \/>\n<meta name=\"twitter:label1\" content=\"Dur\u00e9e de lecture estim\u00e9e\" \/>\n\t<meta name=\"twitter:data1\" content=\"1 minute\" \/>\n<script type=\"application\/ld+json\" class=\"yoast-schema-graph\">{\"@context\":\"https:\/\/schema.org\",\"@graph\":[{\"@type\":\"WebPage\",\"@id\":\"https:\/\/evodruck.de\/fr\/contactform-include\/\",\"url\":\"https:\/\/evodruck.de\/fr\/contactform-include\/\",\"name\":\"contactform include - Made4you Publicit\u00e9\",\"isPartOf\":{\"@id\":\"https:\/\/evodruck.de\/#website\"},\"datePublished\":\"2022-02-10T12:16:32+00:00\",\"dateModified\":\"2022-02-22T16:43:38+00:00\",\"breadcrumb\":{\"@id\":\"https:\/\/evodruck.de\/fr\/contactform-include\/#breadcrumb\"},\"inLanguage\":\"fr-FR\",\"potentialAction\":[{\"@type\":\"ReadAction\",\"target\":[\"https:\/\/evodruck.de\/fr\/contactform-include\/\"]}]},{\"@type\":\"BreadcrumbList\",\"@id\":\"https:\/\/evodruck.de\/fr\/contactform-include\/#breadcrumb\",\"itemListElement\":[{\"@type\":\"ListItem\",\"position\":1,\"name\":\"Startseite\",\"item\":\"https:\/\/evodruck.de\/fr\/\"},{\"@type\":\"ListItem\",\"position\":2,\"name\":\"contactform include\"}]},{\"@type\":\"WebSite\",\"@id\":\"https:\/\/evodruck.de\/#website\",\"url\":\"https:\/\/evodruck.de\/\",\"name\":\"Made4you Publicit\u00e9\",\"description\":\"\u00e0 Wasserbillig (LU) &amp; Konz (DE). Votre partenaire en mati\u00e8re de publicit\u00e9, d&#039;impression, de graphisme, d&#039;impression textile, de broderie, de cadeaux publicitaires, de webdesign, de fournitures pour les associations et bien plus encore.\",\"publisher\":{\"@id\":\"https:\/\/evodruck.de\/#organization\"},\"potentialAction\":[{\"@type\":\"SearchAction\",\"target\":{\"@type\":\"EntryPoint\",\"urlTemplate\":\"https:\/\/evodruck.de\/?s={search_term_string}\"},\"query-input\":\"required name=search_term_string\"}],\"inLanguage\":\"fr-FR\"},{\"@type\":\"Organization\",\"@id\":\"https:\/\/evodruck.de\/#organization\",\"name\":\"Made4you Publicit\u00e9\",\"url\":\"https:\/\/evodruck.de\/\",\"logo\":{\"@type\":\"ImageObject\",\"inLanguage\":\"fr-FR\",\"@id\":\"https:\/\/evodruck.de\/#\/schema\/logo\/image\/\",\"url\":\"https:\/\/evodruck.de\/wp-content\/uploads\/2026\/01\/logo.png\",\"contentUrl\":\"https:\/\/evodruck.de\/wp-content\/uploads\/2026\/01\/logo.png\",\"width\":403,\"height\":100,\"caption\":\"Made4you Publicit\u00e9\"},\"image\":{\"@id\":\"https:\/\/evodruck.de\/#\/schema\/logo\/image\/\"}}]}<\/script>\n<!-- \/ Yoast SEO plugin. -->","yoast_head_json":{"title":"contactform include - Made4you Publicit\u00e9","robots":{"index":"index","follow":"follow","max-snippet":"max-snippet:-1","max-image-preview":"max-image-preview:large","max-video-preview":"max-video-preview:-1"},"canonical":"https:\/\/evodruck.de\/fr\/contactform-include\/","og_locale":"fr_FR","og_type":"article","og_title":"contactform include - Made4you Publicit\u00e9","og_description":"Si l&rsquo;envoi d&rsquo;e-mail via le formulaire de contact ne fonctionne pas, vous pouvez envoyer un e-mail \u00e0 : info@made4you.lu","og_url":"https:\/\/evodruck.de\/fr\/contactform-include\/","og_site_name":"Made4you Publicit\u00e9","article_modified_time":"2022-02-22T16:43:38+00:00","twitter_card":"summary_large_image","twitter_misc":{"Dur\u00e9e de lecture estim\u00e9e":"1 minute"},"schema":{"@context":"https:\/\/schema.org","@graph":[{"@type":"WebPage","@id":"https:\/\/evodruck.de\/fr\/contactform-include\/","url":"https:\/\/evodruck.de\/fr\/contactform-include\/","name":"contactform include - Made4you Publicit\u00e9","isPartOf":{"@id":"https:\/\/evodruck.de\/#website"},"datePublished":"2022-02-10T12:16:32+00:00","dateModified":"2022-02-22T16:43:38+00:00","breadcrumb":{"@id":"https:\/\/evodruck.de\/fr\/contactform-include\/#breadcrumb"},"inLanguage":"fr-FR","potentialAction":[{"@type":"ReadAction","target":["https:\/\/evodruck.de\/fr\/contactform-include\/"]}]},{"@type":"BreadcrumbList","@id":"https:\/\/evodruck.de\/fr\/contactform-include\/#breadcrumb","itemListElement":[{"@type":"ListItem","position":1,"name":"Startseite","item":"https:\/\/evodruck.de\/fr\/"},{"@type":"ListItem","position":2,"name":"contactform include"}]},{"@type":"WebSite","@id":"https:\/\/evodruck.de\/#website","url":"https:\/\/evodruck.de\/","name":"Made4you Publicit\u00e9","description":"\u00e0 Wasserbillig (LU) &amp; Konz (DE). Votre partenaire en mati\u00e8re de publicit\u00e9, d&#039;impression, de graphisme, d&#039;impression textile, de broderie, de cadeaux publicitaires, de webdesign, de fournitures pour les associations et bien plus encore.","publisher":{"@id":"https:\/\/evodruck.de\/#organization"},"potentialAction":[{"@type":"SearchAction","target":{"@type":"EntryPoint","urlTemplate":"https:\/\/evodruck.de\/?s={search_term_string}"},"query-input":"required name=search_term_string"}],"inLanguage":"fr-FR"},{"@type":"Organization","@id":"https:\/\/evodruck.de\/#organization","name":"Made4you Publicit\u00e9","url":"https:\/\/evodruck.de\/","logo":{"@type":"ImageObject","inLanguage":"fr-FR","@id":"https:\/\/evodruck.de\/#\/schema\/logo\/image\/","url":"https:\/\/evodruck.de\/wp-content\/uploads\/2026\/01\/logo.png","contentUrl":"https:\/\/evodruck.de\/wp-content\/uploads\/2026\/01\/logo.png","width":403,"height":100,"caption":"Made4you Publicit\u00e9"},"image":{"@id":"https:\/\/evodruck.de\/#\/schema\/logo\/image\/"}}]}},"_links":{"self":[{"href":"https:\/\/evodruck.de\/fr\/wp-json\/wp\/v2\/pages\/7917","targetHints":{"allow":["GET"]}}],"collection":[{"href":"https:\/\/evodruck.de\/fr\/wp-json\/wp\/v2\/pages"}],"about":[{"href":"https:\/\/evodruck.de\/fr\/wp-json\/wp\/v2\/types\/page"}],"author":[{"embeddable":true,"href":"https:\/\/evodruck.de\/fr\/wp-json\/wp\/v2\/users\/1"}],"replies":[{"embeddable":true,"href":"https:\/\/evodruck.de\/fr\/wp-json\/wp\/v2\/comments?post=7917"}],"version-history":[{"count":4,"href":"https:\/\/evodruck.de\/fr\/wp-json\/wp\/v2\/pages\/7917\/revisions"}],"predecessor-version":[{"id":7924,"href":"https:\/\/evodruck.de\/fr\/wp-json\/wp\/v2\/pages\/7917\/revisions\/7924"}],"wp:attachment":[{"href":"https:\/\/evodruck.de\/fr\/wp-json\/wp\/v2\/media?parent=7917"}],"curies":[{"name":"wp","href":"https:\/\/api.w.org\/{rel}","templated":true}]}}