{"id":6766,"date":"2019-11-19T07:05:15","date_gmt":"2019-11-19T07:05:15","guid":{"rendered":"https:\/\/evodruck.de\/kontakt\/"},"modified":"2026-01-08T09:01:57","modified_gmt":"2026-01-08T09:01:57","slug":"contact","status":"publish","type":"page","link":"https:\/\/evodruck.de\/fr\/contact\/","title":{"rendered":"Contact"},"content":{"rendered":"\t\t<div data-elementor-type=\"wp-page\" data-elementor-id=\"6766\" class=\"elementor elementor-6766 elementor-12\">\n\t\t\t\t\t\t<section class=\"penci-section penci-dmcheck penci-elbg-activate penci-disSticky penci-structure-10 elementor-section elementor-top-section elementor-element elementor-element-04490bb elementor-section-boxed elementor-section-height-default elementor-section-height-default\" data-id=\"04490bb\" data-element_type=\"section\" data-settings=\"{&quot;background_background&quot;:&quot;classic&quot;}\">\n\t\t\t\t\t\t<div class=\"elementor-container elementor-column-gap-no\">\n\t\t\t\t\t<div class=\"penci-ercol-100 penci-ercol-order-1 penci-sticky-ct    elementor-column elementor-col-100 elementor-top-column elementor-element elementor-element-9f7d053\" data-id=\"9f7d053\" data-element_type=\"column\">\n\t\t\t<div class=\"elementor-widget-wrap elementor-element-populated\">\n\t\t\t\t\t\t<div class=\"elementor-element elementor-element-7467b3d elementor-widget elementor-widget-penci-fancy_heading\" data-id=\"7467b3d\" data-element_type=\"widget\" data-widget_type=\"penci-fancy_heading.default\">\n\t\t\t\t<div class=\"elementor-widget-container\">\n\t\t\t\t\t\t\t<div class=\"penci-fancy-heading penci-heading-text-left\">\r\n\t\t\t<div class=\"penci-fancy-heading-inner\">\r\n\t\t\t\t<h2 class=\"penci-heading-title\"><span class=\"inner-tit\">Contactez-nous<\/span><\/h2><div class=\"penci-heading-content entry-content\"><p><b>Vous avez une demande,<br \/>\nsouhaitez un conseil gratuit ?<\/b><\/p>\n<\/div>\t\t\t<\/div>\r\n\t\t<\/div>\r\n\t\t\t\t\t\t<\/div>\n\t\t\t\t<\/div>\n\t\t\t\t\t<\/div>\n\t\t<\/div>\n\t\t\t\t\t<\/div>\n\t\t<\/section>\n\t\t\t\t<section class=\"penci-section penci-disSticky penci-structure-20 elementor-section elementor-top-section elementor-element elementor-element-b0bafad elementor-section-full_width elementor-section-content-middle elementor-section-height-default elementor-section-height-default\" data-id=\"b0bafad\" data-element_type=\"section\">\n\t\t\t\t\t\t<div class=\"elementor-container elementor-column-gap-no\">\n\t\t\t\t\t<div class=\"penci-ercol-50 penci-ercol-order-1 penci-sticky-ct    elementor-column elementor-col-50 elementor-top-column elementor-element elementor-element-a398015\" data-id=\"a398015\" data-element_type=\"column\">\n\t\t\t<div class=\"elementor-widget-wrap elementor-element-populated\">\n\t\t\t\t\t\t<div class=\"elementor-element elementor-element-a8518e4 elementor-widget elementor-widget-penci-fancy_heading\" data-id=\"a8518e4\" data-element_type=\"widget\" data-widget_type=\"penci-fancy_heading.default\">\n\t\t\t\t<div class=\"elementor-widget-container\">\n\t\t\t\t\t\t\t<div class=\"penci-fancy-heading penci-heading-text-left\">\r\n\t\t\t<div class=\"penci-fancy-heading-inner\">\r\n\t\t\t\t<h2 class=\"penci-heading-title\"><span class=\"inner-tit\">Envoyer un message<\/span><\/h2><div class=\"penci-heading-content entry-content\"><p>Utilisez le formulaire en ligne pour nous faire part de votre demande concr\u00e8te. Vous recevrez imm\u00e9diatement une r\u00e9ponse \u00e0 la prise de contact souhait\u00e9e.<\/p>\n<\/div>\t\t\t<\/div>\r\n\t\t<\/div>\r\n\t\t\t\t\t\t<\/div>\n\t\t\t\t<\/div>\n\t\t\t\t<div class=\"elementor-element elementor-element-e2f5463 elementor-invisible elementor-widget elementor-widget-shortcode\" data-id=\"e2f5463\" data-element_type=\"widget\" data-settings=\"{&quot;_animation&quot;:&quot;shake&quot;}\" data-widget_type=\"shortcode.default\">\n\t\t\t\t<div class=\"elementor-widget-container\">\n\t\t\t\t\t\t\t<div class=\"elementor-shortcode\">\n<div class=\"wpcf7 no-js\" id=\"wpcf7-f214-o1\" lang=\"en-US\" dir=\"ltr\" data-wpcf7-id=\"214\">\n<div class=\"screen-reader-response\"><p role=\"status\" aria-live=\"polite\" aria-atomic=\"true\"><\/p> <ul><\/ul><\/div>\n<form action=\"\/fr\/wp-json\/wp\/v2\/pages\/6766#wpcf7-f214-o1\" method=\"post\" class=\"wpcf7-form init\" aria-label=\"Contact form\" novalidate=\"novalidate\" data-status=\"init\">\n<fieldset class=\"hidden-fields-container\"><input type=\"hidden\" name=\"_wpcf7\" value=\"214\" \/><input type=\"hidden\" name=\"_wpcf7_version\" value=\"6.1.4\" \/><input type=\"hidden\" name=\"_wpcf7_locale\" value=\"en_US\" \/><input type=\"hidden\" name=\"_wpcf7_unit_tag\" value=\"wpcf7-f214-o1\" \/><input type=\"hidden\" name=\"_wpcf7_container_post\" value=\"0\" \/><input type=\"hidden\" name=\"_wpcf7_posted_data_hash\" value=\"\" \/><input type=\"hidden\" name=\"_wpcf7_recaptcha_response\" value=\"\" \/>\n<\/fieldset>\n<div class=\"name\">\n\t<p><span class=\"wpcf7-form-control-wrap\" data-name=\"your-name\"><input size=\"40\" maxlength=\"400\" class=\"wpcf7-form-control wpcf7-text wpcf7-validates-as-required\" aria-required=\"true\" aria-invalid=\"false\" placeholder=\"Name*\" value=\"\" type=\"text\" name=\"your-name\" \/><\/span>\n\t<\/p>\n<\/div>\n<div class=\"email1\">\n\t<p><span class=\"wpcf7-form-control-wrap\" data-name=\"your-email\"><input size=\"40\" maxlength=\"400\" class=\"wpcf7-form-control wpcf7-email wpcf7-validates-as-required wpcf7-text wpcf7-validates-as-email\" aria-required=\"true\" aria-invalid=\"false\" placeholder=\"Email*\" value=\"\" type=\"email\" name=\"your-email\" \/><\/span>\n\t<\/p>\n<\/div>\n<div class=\"tel\">\n\t<p><span class=\"wpcf7-form-control-wrap\" data-name=\"your-tel\"><input size=\"40\" maxlength=\"400\" class=\"wpcf7-form-control wpcf7-tel wpcf7-text wpcf7-validates-as-tel\" aria-invalid=\"false\" placeholder=\"Telefon\" value=\"\" type=\"tel\" name=\"your-tel\" \/><\/span>\n\t<\/p>\n<\/div>\n<p><span id=\"wpcf7-6a0366ce0b2a0-wrapper\" class=\"wpcf7-form-control-wrap mail-194-wrap\" style=\"display:none !important; visibility:hidden !important;\"><input type=\"hidden\" name=\"mail-194-time-start\" value=\"1778607822\"><input type=\"hidden\" name=\"mail-194-time-check\" value=\"60\"><label for=\"wpcf7-6a0366ce0b2a0-field\" class=\"hp-message\">Please leave this field empty.<\/label><input id=\"wpcf7-6a0366ce0b2a0-field\"  placeholder=\"mail\"  class=\"wpcf7-form-control wpcf7-text\" type=\"text\" name=\"mail-194\" value=\"\" size=\"40\" tabindex=\"-1\" autocomplete=\"off\" \/><\/span>\n<\/p>\n<p><span id=\"wpcf7-6a0366ce0b308-wrapper\" class=\"wpcf7-form-control-wrap mail-194-wrap\" style=\"display:none !important; visibility:hidden !important;\"><input type=\"hidden\" name=\"mail-194-time-start\" value=\"1778607822\"><input type=\"hidden\" name=\"mail-194-time-check\" value=\"60\"><label for=\"wpcf7-6a0366ce0b308-field\" class=\"hp-message\">Please leave this field empty.<\/label><input id=\"wpcf7-6a0366ce0b308-field\"  placeholder=\"mail\"  class=\"wpcf7-form-control wpcf7-text\" type=\"text\" name=\"mail-194\" value=\"\" size=\"40\" tabindex=\"-1\" autocomplete=\"off\" \/><\/span>\n<\/p>\n<div class=\"subject1\">\n\t<p><span class=\"wpcf7-form-control-wrap\" data-name=\"your-subject\"><input size=\"40\" maxlength=\"400\" class=\"wpcf7-form-control wpcf7-text\" aria-invalid=\"false\" placeholder=\"Subject\" value=\"\" type=\"text\" name=\"your-subject\" \/><\/span>\n\t<\/p>\n<\/div>\n<div class=\"message1\">\n\t<p><span class=\"wpcf7-form-control-wrap\" data-name=\"your-message\"><textarea cols=\"40\" rows=\"10\" maxlength=\"2000\" class=\"wpcf7-form-control wpcf7-textarea wpcf7-validates-as-required\" aria-required=\"true\" aria-invalid=\"false\" placeholder=\"Your Message\" name=\"your-message\"><\/textarea><\/span>\n\t<\/p>\n<\/div>\n<div class=\"fileupload\">\n\t<p><span class=\"wpcf7-form-control-wrap\" data-name=\"Dateienhochladen\"><input size=\"40\" class=\"wpcf7-form-control wpcf7-drag-n-drop-file d-none 1\" id=\"1\" aria-invalid=\"false\" type=\"file\" multiple=\"multiple\" data-name=\"Dateienhochladen\" data-type=\"jpeg|jpg|png|bmp|svg|ai|eps|pdf|cdr|idml|id|txt|zip|rar\" data-limit=\"1000000\" data-min=\"1\" data-max=\"100\" data-id=\"214\" data-version=\"free version 1.3.6.9\" accept=\".jpeg, .jpg, .png, .bmp, .svg, .ai, .eps, .pdf, .cdr, .idml, .id, .txt, .zip, .rar\" \/><\/span>\n\t<\/p>\n<\/div>\n<p class=\"submit\"><input class=\"wpcf7-form-control wpcf7-submit has-spinner\" type=\"submit\" value=\"Submit\" \/>\n<\/p><input type=\"hidden\" id=\"ct_checkjs_cf7_1efa39bcaec6f3900149160693694536\" name=\"ct_checkjs_cf7\" value=\"0\" \/><script >setTimeout(function(){var ct_input_name = \"ct_checkjs_cf7_1efa39bcaec6f3900149160693694536\";if (document.getElementById(ct_input_name) !== null) {var ct_input_value = document.getElementById(ct_input_name).value;document.getElementById(ct_input_name).value = document.getElementById(ct_input_name).value.replace(ct_input_value, '2180022');}}, 1000);<\/script><input\n                    class=\"apbct_special_field apbct_email_id__wp_contact_form_7\"\n                    name=\"apbct__email_id__wp_contact_form_7\"\n                    aria-label=\"apbct__label_id__wp_contact_form_7\"\n                    type=\"text\" size=\"30\" maxlength=\"200\" autocomplete=\"off\"\n                    value=\"\"\n                \/><div class=\"wpcf7-response-output\" aria-hidden=\"true\"><\/div>\n<input\n                    class=\"apbct_special_field apbct_email_id__elementor_form\"\n                    name=\"apbct__email_id__elementor_form\"\n                    aria-label=\"apbct__label_id__elementor_form\"\n                    type=\"text\" size=\"30\" maxlength=\"200\" autocomplete=\"off\"\n                    value=\"\"\n                \/><\/form>\n<\/div>\n<\/div>\n\t\t\t\t\t\t<\/div>\n\t\t\t\t<\/div>\n\t\t\t\t<div class=\"elementor-element elementor-element-75f077f elementor-widget elementor-widget-text-editor\" data-id=\"75f077f\" data-element_type=\"widget\" data-widget_type=\"text-editor.default\">\n\t\t\t\t<div class=\"elementor-widget-container\">\n\t\t\t\t\t\t\t\t\t<p>Si l\u2019envoi d\u2019e-mails via le formulaire de contact ne fonctionne pas, vous pouvez envoyer un e-mail \u00e0 : <a class=\"decorated-link cursor-pointer\" rel=\"noopener\" data-start=\"280\" data-end=\"296\">info@evodruck.de<\/a><\/p>\t\t\t\t\t\t\t\t<\/div>\n\t\t\t\t<\/div>\n\t\t\t\t\t<\/div>\n\t\t<\/div>\n\t\t\t\t<div class=\"penci-ercol-50 penci-ercol-order-2 penci-sticky-ct  penci-dmcheck penci-elbg-activate penci-elbg-img elementor-column elementor-col-50 elementor-top-column elementor-element elementor-element-2f21f23\" data-id=\"2f21f23\" data-element_type=\"column\" data-settings=\"{&quot;background_background&quot;:&quot;classic&quot;}\">\n\t\t\t<div class=\"elementor-widget-wrap elementor-element-populated\">\n\t\t\t\t\t<div class=\"elementor-background-overlay\"><\/div>\n\t\t\t\t\t\t<div class=\"elementor-element elementor-element-0f0e798 elementor-widget elementor-widget-penci-fancy_heading\" data-id=\"0f0e798\" data-element_type=\"widget\" data-widget_type=\"penci-fancy_heading.default\">\n\t\t\t\t<div class=\"elementor-widget-container\">\n\t\t\t\t\t\t\t<div class=\"penci-fancy-heading penci-heading-text-center\">\r\n\t\t\t<div class=\"penci-fancy-heading-inner\">\r\n\t\t\t\t<h2 class=\"penci-heading-title\"><span class=\"inner-tit\">Donn\u00e9es de contact<\/span><\/h2><div class=\"penci-heading-content entry-content\"><p><b>EVODRUCK<\/b><br \/>\nAdresse: Reinigerstra\u00dfe 46 | D-54329 Konz K\u00f6nen<br \/>\nT\u00e9l.: (+49) 6583 993 130<br \/>\nE-Mail: info@evodruck.de<\/p>\n<\/div>\t\t\t<\/div>\r\n\t\t<\/div>\r\n\t\t\t\t\t\t<\/div>\n\t\t\t\t<\/div>\n\t\t\t\t\t<\/div>\n\t\t<\/div>\n\t\t\t\t\t<\/div>\n\t\t<\/section>\n\t\t\t\t<section class=\"penci-section penci-disSticky penci-structure-20 elementor-section elementor-top-section elementor-element elementor-element-ace93c8 elementor-section-full_width elementor-section-height-default elementor-section-height-default\" data-id=\"ace93c8\" data-element_type=\"section\">\n\t\t\t\t\t\t<div class=\"elementor-container elementor-column-gap-default\">\n\t\t\t\t\t<div class=\"penci-ercol-50 penci-ercol-order-1 penci-sticky-ct    elementor-column elementor-col-50 elementor-top-column elementor-element elementor-element-865a07f\" data-id=\"865a07f\" data-element_type=\"column\">\n\t\t\t<div class=\"elementor-widget-wrap elementor-element-populated\">\n\t\t\t\t\t\t<div class=\"elementor-element elementor-element-ee0c2b8 elementor-widget elementor-widget-html\" data-id=\"ee0c2b8\" data-element_type=\"widget\" data-widget_type=\"html.default\">\n\t\t\t\t<div class=\"elementor-widget-container\">\n\t\t\t\t\t<iframe src=\"https:\/\/www.google.com\/maps\/embed?pb=!1m18!1m12!1m3!1d2581.3548209212354!2d6.550641477783372!3d49.68529067145638!2m3!1f0!2f0!3f0!3m2!1i1024!2i768!4f13.1!3m3!1m2!1s0x479569860b5a8415%3A0x61080aebd81faf3f!2sEvodruck!5e0!3m2!1sde!2sde!4v1767797477111!5m2!1sde!2sde\" width=\"600\" height=\"450\" style=\"border:0;\" allowfullscreen=\"\" loading=\"lazy\" referrerpolicy=\"no-referrer-when-downgrade\"><\/iframe>\t\t\t\t<\/div>\n\t\t\t\t<\/div>\n\t\t\t\t\t<\/div>\n\t\t<\/div>\n\t\t\t\t<div class=\"penci-ercol-50 penci-ercol-order-2 penci-sticky-ct    elementor-column elementor-col-50 elementor-top-column elementor-element elementor-element-b9628da\" data-id=\"b9628da\" data-element_type=\"column\">\n\t\t\t<div class=\"elementor-widget-wrap elementor-element-populated\">\n\t\t\t\t\t\t<div class=\"elementor-element elementor-element-30eb20c elementor-widget elementor-widget-penci-open-hour\" data-id=\"30eb20c\" data-element_type=\"widget\" data-widget_type=\"penci-open-hour.default\">\n\t\t\t\t<div class=\"elementor-widget-container\">\n\t\t\t\t\t\t\t<div class=\"penci-block-vc penci-working-hours\">\r\n\t\t\t        <div class=\"penci-border-arrow penci-homepage-title penci-home-latest-posts style-12 pcalign-left pciconp-right pcicon-right block-title-icon-left\">\r\n            <h3 class=\"inner-arrow\">\r\n                <span>\r\n                    <span>Heures d'ouverture<\/a>                <\/span>\r\n            <\/h3>\r\n\t\t\t        <\/div>\r\n\t\t\t\t\t<div class=\"penci-block_content\">\r\n\t\t\t\t<div class=\"penci-workingh-lists\">\r\n\t\t\t\t\t<ul>\r\n\t\t\t\t\t\t\t\t\t\t\t\t\t<li class=\"penci-workingh-item\">\r\n\t\t\t\t\t\t\t\t<div class=\"penci-workingh-item-inner\">\r\n\t\t\t\t\t\t\t\t\t<div class=\"penci-workingh-line1\">\r\n\t\t\t\t\t\t\t\t\t\t<div class=\"penci-icontitle\">\r\n\t\t\t\t\t\t\t\t\t\t\t<i class=\"penci-listitem-icon far fa-clock\"><\/i><span class=\"penci-listitem-title\">Lundi<\/span>\t\t\t\t\t\t\t\t\t\t<\/div>\r\n\t\t\t\t\t\t\t\t\t\t<span class=\"penci-listitem-hours\">8:15 - 12:00 | 13:30 - 17:30 Uhr<\/span>\t\t\t\t\t\t\t\t\t<\/div>\r\n\t\t\t\t\t\t\t\t\t\t\t\t\t\t\t\t\t<\/div>\r\n\t\t\t\t\t\t\t<\/li>\r\n\t\t\t\t\t\t\t\t\t\t\t\t\t<li class=\"penci-workingh-item\">\r\n\t\t\t\t\t\t\t\t<div class=\"penci-workingh-item-inner\">\r\n\t\t\t\t\t\t\t\t\t<div class=\"penci-workingh-line1\">\r\n\t\t\t\t\t\t\t\t\t\t<div class=\"penci-icontitle\">\r\n\t\t\t\t\t\t\t\t\t\t\t<i class=\"penci-listitem-icon far fa-clock\"><\/i><span class=\"penci-listitem-title\">Mardi<\/span>\t\t\t\t\t\t\t\t\t\t<\/div>\r\n\t\t\t\t\t\t\t\t\t\t<span class=\"penci-listitem-hours\">8:15 - 12:00 | 13:30 - 17:30 Uhr<\/span>\t\t\t\t\t\t\t\t\t<\/div>\r\n\t\t\t\t\t\t\t\t\t\t\t\t\t\t\t\t\t<\/div>\r\n\t\t\t\t\t\t\t<\/li>\r\n\t\t\t\t\t\t\t\t\t\t\t\t\t<li class=\"penci-workingh-item\">\r\n\t\t\t\t\t\t\t\t<div class=\"penci-workingh-item-inner\">\r\n\t\t\t\t\t\t\t\t\t<div class=\"penci-workingh-line1\">\r\n\t\t\t\t\t\t\t\t\t\t<div class=\"penci-icontitle\">\r\n\t\t\t\t\t\t\t\t\t\t\t<i class=\"penci-listitem-icon far fa-clock\"><\/i><span class=\"penci-listitem-title\">Mercredi<\/span>\t\t\t\t\t\t\t\t\t\t<\/div>\r\n\t\t\t\t\t\t\t\t\t\t<span class=\"penci-listitem-hours\">8:15 - 12:00 | 13:30 - 17:30 Uhr<\/span>\t\t\t\t\t\t\t\t\t<\/div>\r\n\t\t\t\t\t\t\t\t\t\t\t\t\t\t\t\t\t<\/div>\r\n\t\t\t\t\t\t\t<\/li>\r\n\t\t\t\t\t\t\t\t\t\t\t\t\t<li class=\"penci-workingh-item\">\r\n\t\t\t\t\t\t\t\t<div class=\"penci-workingh-item-inner\">\r\n\t\t\t\t\t\t\t\t\t<div class=\"penci-workingh-line1\">\r\n\t\t\t\t\t\t\t\t\t\t<div class=\"penci-icontitle\">\r\n\t\t\t\t\t\t\t\t\t\t\t<i class=\"penci-listitem-icon far fa-clock\"><\/i><span class=\"penci-listitem-title\">Jeudi<\/span>\t\t\t\t\t\t\t\t\t\t<\/div>\r\n\t\t\t\t\t\t\t\t\t\t<span class=\"penci-listitem-hours\">8:15 - 12:00 | 13:30 - 17:30 Uhr<\/span>\t\t\t\t\t\t\t\t\t<\/div>\r\n\t\t\t\t\t\t\t\t\t\t\t\t\t\t\t\t\t<\/div>\r\n\t\t\t\t\t\t\t<\/li>\r\n\t\t\t\t\t\t\t\t\t\t\t\t\t<li class=\"penci-workingh-item\">\r\n\t\t\t\t\t\t\t\t<div class=\"penci-workingh-item-inner\">\r\n\t\t\t\t\t\t\t\t\t<div class=\"penci-workingh-line1\">\r\n\t\t\t\t\t\t\t\t\t\t<div class=\"penci-icontitle\">\r\n\t\t\t\t\t\t\t\t\t\t\t<i class=\"penci-listitem-icon far fa-clock\"><\/i><span class=\"penci-listitem-title\">Vendredi<\/span>\t\t\t\t\t\t\t\t\t\t<\/div>\r\n\t\t\t\t\t\t\t\t\t\t<span class=\"penci-listitem-hours\">8:15 - 12:00 | 13:30 - 17:30 Uhr<\/span>\t\t\t\t\t\t\t\t\t<\/div>\r\n\t\t\t\t\t\t\t\t\t\t\t\t\t\t\t\t\t<\/div>\r\n\t\t\t\t\t\t\t<\/li>\r\n\t\t\t\t\t\t\t\t\t\t\t\t\t<li class=\"penci-workingh-item\">\r\n\t\t\t\t\t\t\t\t<div class=\"penci-workingh-item-inner\">\r\n\t\t\t\t\t\t\t\t\t<div class=\"penci-workingh-line1\">\r\n\t\t\t\t\t\t\t\t\t\t<div class=\"penci-icontitle\">\r\n\t\t\t\t\t\t\t\t\t\t\t<i class=\"penci-listitem-icon far fa-clock\"><\/i><span class=\"penci-listitem-title\">Samedi<\/span>\t\t\t\t\t\t\t\t\t\t<\/div>\r\n\t\t\t\t\t\t\t\t\t\t<span class=\"penci-listitem-hours\">ferm\u00e9<\/span>\t\t\t\t\t\t\t\t\t<\/div>\r\n\t\t\t\t\t\t\t\t\t\t\t\t\t\t\t\t\t<\/div>\r\n\t\t\t\t\t\t\t<\/li>\r\n\t\t\t\t\t\t\t\t\t\t\t\t\t<li class=\"penci-workingh-item\">\r\n\t\t\t\t\t\t\t\t<div class=\"penci-workingh-item-inner\">\r\n\t\t\t\t\t\t\t\t\t<div class=\"penci-workingh-line1\">\r\n\t\t\t\t\t\t\t\t\t\t<div class=\"penci-icontitle\">\r\n\t\t\t\t\t\t\t\t\t\t\t<i class=\"penci-listitem-icon far fa-clock\"><\/i><span class=\"penci-listitem-title\">Dimanche<\/span>\t\t\t\t\t\t\t\t\t\t<\/div>\r\n\t\t\t\t\t\t\t\t\t\t<span class=\"penci-listitem-hours\">ferm\u00e9<\/span>\t\t\t\t\t\t\t\t\t<\/div>\r\n\t\t\t\t\t\t\t\t\t\t\t\t\t\t\t\t\t<\/div>\r\n\t\t\t\t\t\t\t<\/li>\r\n\t\t\t\t\t\t\r\n\t\t\t\t\t<\/ul>\r\n\t\t\t\t<\/div>\r\n\t\t\t<\/div>\r\n\t\t<\/div>\r\n\t\t\t\t\t\t<\/div>\n\t\t\t\t<\/div>\n\t\t\t\t<div class=\"elementor-element elementor-element-beeadc6 elementor-widget elementor-widget-text-editor\" data-id=\"beeadc6\" data-element_type=\"widget\" data-widget_type=\"text-editor.default\">\n\t\t\t\t<div class=\"elementor-widget-container\">\n\t\t\t\t\t\t\t\t\t<p>En raison de travaux ext\u00e9rieurs, de montages et de rendez-vous chez nos clients, il peut arriver que notre site ne soit pas occup\u00e9 en permanence.<br data-start=\"145\" data-end=\"148\" \/>Nous vous prions donc de toujours nous appeler au pr\u00e9alable afin de convenir d\u2019un rendez-vous.<\/p>\t\t\t\t\t\t\t\t<\/div>\n\t\t\t\t<\/div>\n\t\t\t\t\t<\/div>\n\t\t<\/div>\n\t\t\t\t\t<\/div>\n\t\t<\/section>\n\t\t\t\t<\/div>\n\t\t","protected":false},"excerpt":{"rendered":"<p>Contactez-nous Vous avez une demande, souhaitez un conseil gratuit ? Envoyer un message Utilisez le formulaire en ligne pour nous faire part de votre demande concr\u00e8te. Vous recevrez imm\u00e9diatement une&hellip;<\/p>\n","protected":false},"author":1,"featured_media":0,"parent":0,"menu_order":0,"comment_status":"closed","ping_status":"closed","template":"page-fullwidth.php","meta":{"footnotes":""},"class_list":["post-6766","page","type-page","status-publish","hentry"],"yoast_head":"<!-- This site is optimized with the Yoast SEO plugin v20.13 - https:\/\/yoast.com\/wordpress\/plugins\/seo\/ -->\n<title>Contact - Made4you Publicit\u00e9<\/title>\n<meta name=\"description\" content=\"Utilisez le formulaire en ligne pour nous faire part de votre demande concr\u00e8te. Vous recevrez imm\u00e9diatement une r\u00e9ponse \u00e0 la prise de contact souhait\u00e9e.\" \/>\n<meta name=\"robots\" content=\"index, follow, max-snippet:-1, max-image-preview:large, max-video-preview:-1\" \/>\n<link rel=\"canonical\" href=\"https:\/\/evodruck.de\/fr\/contact\/\" \/>\n<meta property=\"og:locale\" content=\"fr_FR\" \/>\n<meta property=\"og:type\" content=\"article\" \/>\n<meta property=\"og:title\" content=\"Contact - Made4you Publicit\u00e9\" \/>\n<meta property=\"og:description\" content=\"Utilisez le formulaire en ligne pour nous faire part de votre demande concr\u00e8te. Vous recevrez imm\u00e9diatement une r\u00e9ponse \u00e0 la prise de contact souhait\u00e9e.\" \/>\n<meta property=\"og:url\" content=\"https:\/\/evodruck.de\/fr\/contact\/\" \/>\n<meta property=\"og:site_name\" content=\"Made4you Publicit\u00e9\" \/>\n<meta property=\"article:modified_time\" content=\"2026-01-08T09:01:57+00:00\" \/>\n<meta name=\"twitter:card\" content=\"summary_large_image\" \/>\n<meta name=\"twitter:label1\" content=\"Dur\u00e9e de lecture estim\u00e9e\" \/>\n\t<meta name=\"twitter:data1\" content=\"1 minute\" \/>\n<script type=\"application\/ld+json\" class=\"yoast-schema-graph\">{\"@context\":\"https:\/\/schema.org\",\"@graph\":[{\"@type\":\"WebPage\",\"@id\":\"https:\/\/evodruck.de\/fr\/contact\/\",\"url\":\"https:\/\/evodruck.de\/fr\/contact\/\",\"name\":\"Contact - Made4you Publicit\u00e9\",\"isPartOf\":{\"@id\":\"https:\/\/evodruck.de\/#website\"},\"datePublished\":\"2019-11-19T07:05:15+00:00\",\"dateModified\":\"2026-01-08T09:01:57+00:00\",\"description\":\"Utilisez le formulaire en ligne pour nous faire part de votre demande concr\u00e8te. Vous recevrez imm\u00e9diatement une r\u00e9ponse \u00e0 la prise de contact souhait\u00e9e.\",\"breadcrumb\":{\"@id\":\"https:\/\/evodruck.de\/fr\/contact\/#breadcrumb\"},\"inLanguage\":\"fr-FR\",\"potentialAction\":[{\"@type\":\"ReadAction\",\"target\":[\"https:\/\/evodruck.de\/fr\/contact\/\"]}]},{\"@type\":\"BreadcrumbList\",\"@id\":\"https:\/\/evodruck.de\/fr\/contact\/#breadcrumb\",\"itemListElement\":[{\"@type\":\"ListItem\",\"position\":1,\"name\":\"Startseite\",\"item\":\"https:\/\/evodruck.de\/fr\/\"},{\"@type\":\"ListItem\",\"position\":2,\"name\":\"Contact\"}]},{\"@type\":\"WebSite\",\"@id\":\"https:\/\/evodruck.de\/#website\",\"url\":\"https:\/\/evodruck.de\/\",\"name\":\"Made4you Publicit\u00e9\",\"description\":\"\u00e0 Wasserbillig (LU) &amp; Konz (DE). Votre partenaire en mati\u00e8re de publicit\u00e9, d&#039;impression, de graphisme, d&#039;impression textile, de broderie, de cadeaux publicitaires, de webdesign, de fournitures pour les associations et bien plus encore.\",\"publisher\":{\"@id\":\"https:\/\/evodruck.de\/#organization\"},\"potentialAction\":[{\"@type\":\"SearchAction\",\"target\":{\"@type\":\"EntryPoint\",\"urlTemplate\":\"https:\/\/evodruck.de\/?s={search_term_string}\"},\"query-input\":\"required name=search_term_string\"}],\"inLanguage\":\"fr-FR\"},{\"@type\":\"Organization\",\"@id\":\"https:\/\/evodruck.de\/#organization\",\"name\":\"Made4you Publicit\u00e9\",\"url\":\"https:\/\/evodruck.de\/\",\"logo\":{\"@type\":\"ImageObject\",\"inLanguage\":\"fr-FR\",\"@id\":\"https:\/\/evodruck.de\/#\/schema\/logo\/image\/\",\"url\":\"https:\/\/evodruck.de\/wp-content\/uploads\/2026\/01\/logo.png\",\"contentUrl\":\"https:\/\/evodruck.de\/wp-content\/uploads\/2026\/01\/logo.png\",\"width\":403,\"height\":100,\"caption\":\"Made4you Publicit\u00e9\"},\"image\":{\"@id\":\"https:\/\/evodruck.de\/#\/schema\/logo\/image\/\"}}]}<\/script>\n<!-- \/ Yoast SEO plugin. -->","yoast_head_json":{"title":"Contact - Made4you Publicit\u00e9","description":"Utilisez le formulaire en ligne pour nous faire part de votre demande concr\u00e8te. Vous recevrez imm\u00e9diatement une r\u00e9ponse \u00e0 la prise de contact souhait\u00e9e.","robots":{"index":"index","follow":"follow","max-snippet":"max-snippet:-1","max-image-preview":"max-image-preview:large","max-video-preview":"max-video-preview:-1"},"canonical":"https:\/\/evodruck.de\/fr\/contact\/","og_locale":"fr_FR","og_type":"article","og_title":"Contact - Made4you Publicit\u00e9","og_description":"Utilisez le formulaire en ligne pour nous faire part de votre demande concr\u00e8te. Vous recevrez imm\u00e9diatement une r\u00e9ponse \u00e0 la prise de contact souhait\u00e9e.","og_url":"https:\/\/evodruck.de\/fr\/contact\/","og_site_name":"Made4you Publicit\u00e9","article_modified_time":"2026-01-08T09:01:57+00:00","twitter_card":"summary_large_image","twitter_misc":{"Dur\u00e9e de lecture estim\u00e9e":"1 minute"},"schema":{"@context":"https:\/\/schema.org","@graph":[{"@type":"WebPage","@id":"https:\/\/evodruck.de\/fr\/contact\/","url":"https:\/\/evodruck.de\/fr\/contact\/","name":"Contact - Made4you Publicit\u00e9","isPartOf":{"@id":"https:\/\/evodruck.de\/#website"},"datePublished":"2019-11-19T07:05:15+00:00","dateModified":"2026-01-08T09:01:57+00:00","description":"Utilisez le formulaire en ligne pour nous faire part de votre demande concr\u00e8te. Vous recevrez imm\u00e9diatement une r\u00e9ponse \u00e0 la prise de contact souhait\u00e9e.","breadcrumb":{"@id":"https:\/\/evodruck.de\/fr\/contact\/#breadcrumb"},"inLanguage":"fr-FR","potentialAction":[{"@type":"ReadAction","target":["https:\/\/evodruck.de\/fr\/contact\/"]}]},{"@type":"BreadcrumbList","@id":"https:\/\/evodruck.de\/fr\/contact\/#breadcrumb","itemListElement":[{"@type":"ListItem","position":1,"name":"Startseite","item":"https:\/\/evodruck.de\/fr\/"},{"@type":"ListItem","position":2,"name":"Contact"}]},{"@type":"WebSite","@id":"https:\/\/evodruck.de\/#website","url":"https:\/\/evodruck.de\/","name":"Made4you Publicit\u00e9","description":"\u00e0 Wasserbillig (LU) &amp; Konz (DE). Votre partenaire en mati\u00e8re de publicit\u00e9, d&#039;impression, de graphisme, d&#039;impression textile, de broderie, de cadeaux publicitaires, de webdesign, de fournitures pour les associations et bien plus encore.","publisher":{"@id":"https:\/\/evodruck.de\/#organization"},"potentialAction":[{"@type":"SearchAction","target":{"@type":"EntryPoint","urlTemplate":"https:\/\/evodruck.de\/?s={search_term_string}"},"query-input":"required name=search_term_string"}],"inLanguage":"fr-FR"},{"@type":"Organization","@id":"https:\/\/evodruck.de\/#organization","name":"Made4you Publicit\u00e9","url":"https:\/\/evodruck.de\/","logo":{"@type":"ImageObject","inLanguage":"fr-FR","@id":"https:\/\/evodruck.de\/#\/schema\/logo\/image\/","url":"https:\/\/evodruck.de\/wp-content\/uploads\/2026\/01\/logo.png","contentUrl":"https:\/\/evodruck.de\/wp-content\/uploads\/2026\/01\/logo.png","width":403,"height":100,"caption":"Made4you Publicit\u00e9"},"image":{"@id":"https:\/\/evodruck.de\/#\/schema\/logo\/image\/"}}]}},"_links":{"self":[{"href":"https:\/\/evodruck.de\/fr\/wp-json\/wp\/v2\/pages\/6766","targetHints":{"allow":["GET"]}}],"collection":[{"href":"https:\/\/evodruck.de\/fr\/wp-json\/wp\/v2\/pages"}],"about":[{"href":"https:\/\/evodruck.de\/fr\/wp-json\/wp\/v2\/types\/page"}],"author":[{"embeddable":true,"href":"https:\/\/evodruck.de\/fr\/wp-json\/wp\/v2\/users\/1"}],"replies":[{"embeddable":true,"href":"https:\/\/evodruck.de\/fr\/wp-json\/wp\/v2\/comments?post=6766"}],"version-history":[{"count":50,"href":"https:\/\/evodruck.de\/fr\/wp-json\/wp\/v2\/pages\/6766\/revisions"}],"predecessor-version":[{"id":13016,"href":"https:\/\/evodruck.de\/fr\/wp-json\/wp\/v2\/pages\/6766\/revisions\/13016"}],"wp:attachment":[{"href":"https:\/\/evodruck.de\/fr\/wp-json\/wp\/v2\/media?parent=6766"}],"curies":[{"name":"wp","href":"https:\/\/api.w.org\/{rel}","templated":true}]}}