{"id":6738,"date":"2021-10-18T13:48:24","date_gmt":"2021-10-18T13:48:24","guid":{"rendered":"https:\/\/evodruck.de\/pokale-vereinsbedarf\/"},"modified":"2026-01-07T15:08:21","modified_gmt":"2026-01-07T15:08:21","slug":"trophees-materiel-de-club","status":"publish","type":"page","link":"https:\/\/evodruck.de\/fr\/trophees-materiel-de-club\/","title":{"rendered":"Troph\u00e9es &#038; mat\u00e9riel de club"},"content":{"rendered":"<section class=\"wpb-content-wrapper\"><p>[vc_row full_width=\u00a0\u00bbstretch_row\u00a0\u00bb css=\u00a0\u00bb.vc_custom_1641998157990{background-color: #fff1db !important;}\u00a0\u00bb][vc_column offset=\u00a0\u00bbvc_hidden-sm vc_hidden-xs\u00a0\u00bb]                <div id=\"pencilatest_posts_27440\" class=\"penci-latest-posts-sc penci-latest-posts-list penci-el-mixed-s1 penci-std-continue-left\">\r\n\t\t\t\t\t                    <div class=\"penci-wrapper-posts-ajax\">\r\n\r\n                        <div class=\"penci-wrapper-posts-content pwid-default\">\r\n\r\n\t\t\t\t\t\t\t\t\t\t\t\t\t\t\t                                <ul class=\"penci-wrapper-data penci-grid penci-shortcode-render\">\t\t\t\t\t\t\t\t\t\t\t\t\t\t\t\t\t\t\t\t    <li class=\"list-post penci-item-listp\">\r\n        <article id=\"post-7752\" class=\"item hentry\">\r\n\t\t\t                <div class=\"thumbnail\">\r\n\t\t\t\t\t\r\n\t\t\t\t\t                        <a class=\"penci-image-holder penci-lazy\"                           data-bgset=\"https:\/\/evodruck.de\/wp-content\/uploads\/2021\/10\/IMG_20180718_173018-2-585x390.png\"\r\n                           href=\"https:\/\/evodruck.de\/fr\/2021\/10\/18\/informations-generales-sur-les-trophees-et-les-fournitures-pour-les-associations\/\"\r\n                           title=\"Informations g\u00e9n\u00e9rales sur les troph\u00e9es et les fournitures pour les associations\">\r\n                        <\/a>\r\n\t\t\t\t\t\r\n\t\t\t\t\t\t\t\t\t\t\t\t\t\t\t\t\t\t\t\t\t\t\t\t\t\t\t\t\t\t\t\t\t\t\t\t\t\t\t\t                <\/div>\r\n\t\t\t\r\n            <div class=\"content-list-right content-list-center\">\r\n                <div class=\"header-list-style\">\r\n\t\t\t\t\t\r\n                    <h2 class=\"penci-entry-title entry-title grid-title\"><a\r\n                                href=\"https:\/\/evodruck.de\/fr\/2021\/10\/18\/informations-generales-sur-les-trophees-et-les-fournitures-pour-les-associations\/\">Informations g\u00e9n\u00e9rales sur les troph\u00e9es et les fournitures pour les associations<\/a>\r\n                    <\/h2>\r\n\t\t\t\t\t\t\t<div class=\"penci-hide-tagupdated\">\n\t\t\t<span class=\"author-italic author vcard\">by                                         <a class=\"author-url url fn n\"\n                                           href=\"https:\/\/evodruck.de\/fr\/author\/gtabk\/\">Billy Klein<\/a>\n\t\t\t\t\t\t\t\t\t<\/span>\n\t\t\t<time class=\"entry-date published\" datetime=\"2021-10-18T13:52:23+00:00\">18. octobre 2021<\/time>\t\t<\/div>\n\t\t\t\t\t\t\t                <\/div>\r\n\r\n\t\t\t\t                    <div class=\"item-content entry-content\">\r\n\t\t\t\t\t\t<p>Des troph\u00e9es de tous types et pour tous les budgets Made4you dispose d&rsquo;un large assortiment de prix d&rsquo;honneur, dont : troph\u00e9es itin\u00e9rants, troph\u00e9es pour enfants, troph\u00e9es en verre, prix en &#8230;<\/p>\n                    <\/div>\r\n\t\t\t\t\r\n\t\t\t\t\r\n\t\t\t\t                    <div class=\"penci-post-box-meta penci-post-box-grid penci-post-box-listpost\">\r\n                        <div class=\"penci-post-share-box\">\r\n\t\t\t\t\t\t\t<a href=\"#\" class=\"penci-post-like\" aria-label=\"Like this post\" data-post_id=\"7903\" title=\"Like\" data-like=\"Like\" data-unlike=\"Unlike\"><i class=\"penci-faicon fa fa-heart-o\" ><\/i><span class=\"dt-share\">0<\/span><\/a>\t\t\t\t\t\t\t<a class=\"new-ver-share post-share-item post-share-facebook\" aria-label=\"Share on Facebook\" target=\"_blank\"  rel=\"noreferrer\" href=\"https:\/\/www.facebook.com\/sharer\/sharer.php?u=https:\/\/evodruck.de\/fr\/contactform-include-beitrag\/\"><i class=\"penci-faicon fa fa-facebook\" ><\/i><span class=\"dt-share\">Facebook<\/span><\/a><a class=\"new-ver-share post-share-item post-share-whatsapp\" aria-label=\"Share on Whatsapp\" target=\"_blank\"  rel=\"noreferrer\" href=\"https:\/\/api.whatsapp.com\/send?text=contactform%20include%20beitrag %0A%0A https%3A%2F%2Fevodruck.de%2Ffr%2Fcontactform-include-beitrag%2F\"><i class=\"penci-faicon fa fa-whatsapp\" ><\/i><span class=\"dt-share\">Whatsapp<\/span><\/a><a class=\"new-ver-share post-share-item post-share-email\" target=\"_blank\" aria-label=\"Share via Email\"  rel=\"noreferrer\" href=\"mailto:?subject=contactform%20include%20beitrag&#038;BODY=https:\/\/evodruck.de\/fr\/contactform-include-beitrag\/\"><i class=\"penci-faicon fa fa-envelope\" ><\/i><span class=\"dt-share\">Email<\/span><\/a>                        <\/div>\r\n                    <\/div>\r\n\t\t\t\t            <\/div>\r\n\r\n        <\/article>\r\n    <\/li>\r\n\r\n\t\t\t\t\t\t\t\t\t\t\t\t\t\t\t\t\t\t\t\t\t\t\t\t\t\t\t\t<\/ul>\r\n\t\t\t\t\t\t\t\t\t\t\t\t\t\t\t\t\t\t\t\t\t                        <\/div>\r\n\r\n\t\t\t\t\t\t                    <\/div>\r\n                <\/div>\r\n\t\t\t            <style>\r\n                                                                                                                                                                            <\/style>\r\n\t\t\t[\/vc_column][\/vc_row][vc_row full_width=\u00a0\u00bbstretch_row\u00a0\u00bb css=\u00a0\u00bb.vc_custom_1641998157990{background-color: #fff1db !important;}\u00a0\u00bb][vc_column offset=\u00a0\u00bbvc_hidden-lg vc_hidden-md\u00a0\u00bb][vc_custom_heading text=\u00a0\u00bbInformations g\u00e9n\u00e9rales sur les troph\u00e9es et les fournitures pour les associations\u00a0\u00bb font_container=\u00a0\u00bbtag:h3|text_align:left|color:%23323232&Prime; use_theme_fonts=\u00a0\u00bbyes\u00a0\u00bb link=\u00a0\u00bburl:%2Ffr%2F2021%2F10%2F18%2Finformations-generales-sur-les-trophees-et-les-fournitures-pour-les-associations%2F\u00a0\u00bb css=\u00a0\u00bb.vc_custom_1648814794234{padding-bottom: 25px !important;}\u00a0\u00bb][vc_column_text]Des troph\u00e9es de tous types et pour tous les budgets Evodruck dispose d&rsquo;un large assortiment de prix d&rsquo;honneur, dont : troph\u00e9es itin\u00e9rants, troph\u00e9es pour enfants, troph\u00e9es en verre, troph\u00e9es en acrylique, troph\u00e9es en bois et en pierre, tableaux d&rsquo;honneur, figurines, m\u00e9dailles avec embl\u00e8me <a href=\"\/fr\/2021\/10\/18\/informations-generales-sur-les-trophees-et-les-fournitures-pour-les-associations\/\">(continuer..)<\/a>[\/vc_column_text][\/vc_column][\/vc_row][vc_row full_width=\u00a0\u00bbstretch_row\u00a0\u00bb css=\u00a0\u00bb.vc_custom_1631525211176{background-color: #ff8300 !important;}\u00a0\u00bb][vc_column][vc_custom_heading text=\u00a0\u00bbAcc\u00e9dez \u00e0 notre blog\u00a0\u00bb font_container=\u00a0\u00bbtag:h4|font_size:22px|text_align:center|color:%23ffffff\u00a0\u00bb use_theme_fonts=\u00a0\u00bbyes\u00a0\u00bb link=\u00a0\u00bburl:%2Ffr%2Fmade4you-blog-impression%2F\u00a0\u00bb css=\u00a0\u00bb.vc_custom_1648814834598{padding-bottom: 25px !important;}\u00a0\u00bb][\/vc_column][\/vc_row][vc_row][vc_column][vc_row_inner][vc_column_inner width=\u00a0\u00bb1\/2&Prime;][vc_column_text]<span style=\"font-size: large;\"><b>COUPES<br \/>\n<\/b><\/span>[\/vc_column_text][vc_single_image image=\u00a0\u00bb8333&Prime; img_size=\u00a0\u00bb350x250px\u00a0\u00bb style=\u00a0\u00bbvc_box_shadow\u00a0\u00bb][vc_column_text]<\/p>\n<h4><strong>Le classique du sport<\/strong><\/h4>\n<p>Qu&rsquo;il s&rsquo;agisse de coupes, de troph\u00e9es ou de coupes, du troph\u00e9e \u00e9conomique bon march\u00e9 au troph\u00e9e itin\u00e9rant exclusif en argent sterling ou en plaqu\u00e9 or 24 carats, le choix chez Made4you est \u00e9norme et il n&rsquo;y a pas de quantit\u00e9s minimales !<br \/>\nPour les commandes plus importantes, nous pouvons \u00e9galement assembler vos troph\u00e9es individuellement \u00e0 partir de pi\u00e8ces d\u00e9tach\u00e9es, selon vos souhaits.<br \/>\nNous vous aidons et vous conseillons volontiers dans la recherche de la coupe qui vous convient.[\/vc_column_text][\/vc_column_inner][vc_column_inner width=\u00a0\u00bb1\/2&Prime;][vc_column_text]<span style=\"font-size: large;\"><b>TROPH\u00c9ES EN VERRE<br \/>\n<\/b><\/span>[\/vc_column_text][vc_single_image image=\u00a0\u00bb10692&Prime; img_size=\u00a0\u00bb350x250px\u00a0\u00bb style=\u00a0\u00bbvc_box_shadow\u00a0\u00bb][vc_column_text]<\/p>\n<h4><strong>Vous pr\u00e9f\u00e9rez les troph\u00e9es et les r\u00e9compenses en verre ou en acrylique ?<\/strong><\/h4>\n<p>Chez Evodruck, vous trouverez \u00e0 coup s\u00fbr votre bonheur. Notre offre va du simple pr\u00e9sentoir en verre avec gravure ou impression UV aux troph\u00e9es d\u00e9coratifs en verre design, en passant par les troph\u00e9es avec embl\u00e8me incrust\u00e9, les troph\u00e9es en jade et en cristal. Mais nous proposons \u00e9galement des carr\u00e9s de verre ou des prix en acrylique pour les c\u00e9r\u00e9monies et les r\u00e9compenses, qu&rsquo;ils soient grav\u00e9s \u00e0 l&rsquo;ext\u00e9rieur, grav\u00e9s en 3D \u00e0 l&rsquo;int\u00e9rieur ou fabriqu\u00e9s sur mesure dans les formes et les mod\u00e8les les plus divers.[\/vc_column_text][\/vc_column_inner][\/vc_row_inner][vc_row_inner][vc_column_inner width=\u00a0\u00bb1\/2&Prime;][vc_column_text]<span style=\"font-size: large;\"><b>M\u00c9DAILLES<br \/>\n<\/b><\/span>[\/vc_column_text][vc_single_image image=\u00a0\u00bb10694&Prime; img_size=\u00a0\u00bb350x250px\u00a0\u00bb style=\u00a0\u00bbvc_box_shadow\u00a0\u00bb][vc_column_text]<\/p>\n<h4><strong>Des m\u00e9dailles pour toutes les occasions et tous les budgets.<\/strong><\/h4>\n<p>Nous proposons \u00e9galement des m\u00e9dailles dans toutes les cat\u00e9gories de prix et dans divers mod\u00e8les.<br \/>\nQu&rsquo;elles soient mates ou brillantes, en laiton, en cuivre, en zamac, en verre ou en acrylique, avec un embl\u00e8me en aluminium, grav\u00e9es, estamp\u00e9es ou en couleur.<br \/>\nNous avons des m\u00e9dailles rondes et carr\u00e9es, ainsi que des formes sp\u00e9ciales.<br \/>\nQu&rsquo;elles soient simples, ornement\u00e9es ou enti\u00e8rement personnalis\u00e9es.<br \/>\nBien entendu, nous fournissons toujours les rubans et les \u00e9crins assortis.[\/vc_column_text][\/vc_column_inner][vc_column_inner width=\u00a0\u00bb1\/2&Prime;][vc_column_text]<span style=\"font-size: large;\"><b>TABLEAUX D&rsquo;HONNEUR<br \/>\n<\/b><\/span>[\/vc_column_text][vc_single_image image=\u00a0\u00bb10697&Prime; img_size=\u00a0\u00bb350x250px\u00a0\u00bb style=\u00a0\u00bbvc_box_shadow\u00a0\u00bb][vc_column_text]Les tableaux et assiettes d&rsquo;honneur font \u00e9galement partie de nos fournitures pour les associations, dans diff\u00e9rents mod\u00e8les et mat\u00e9riaux, qu&rsquo;ils soient dans un \u00e9tui en velours \u00e0 poser, argent\u00e9s, avec verre, angulaires ou en forme d&rsquo;armoiries sur un support en bois naturel ou laqu\u00e9, grav\u00e9s ou imprim\u00e9s.[\/vc_column_text][\/vc_column_inner][\/vc_row_inner][vc_row_inner][vc_column_inner width=\u00a0\u00bb1\/2&Prime;][vc_column_text]<span style=\"font-size: large;\"><b>FANIONS<br \/>\n<\/b><\/span>[\/vc_column_text][vc_single_image image=\u00a0\u00bb5025&Prime; img_size=\u00a0\u00bb350x250px\u00a0\u00bb style=\u00a0\u00bbvc_box_shadow\u00a0\u00bb][vc_column_text]Nous proposons des fanions de formes et de mod\u00e8les tr\u00e8s vari\u00e9s.<br \/>\nQu&rsquo;il s&rsquo;agisse de fanions triangulaires, de fanions de banni\u00e8re, de fanions de tournoi, de banni\u00e8res de voiture, de fanions de table,&#8230;<br \/>\nfanions avec franges ou cordons, avec ou sans traverses, cordon ou suspension par cha\u00eene, imprim\u00e9s ou brod\u00e9s, sur une face, sur les deux faces, avec ou sans housse plastique, etc&#8230;<\/p>\n<p>La plupart de nos fanions sont disponibles en petites quantit\u00e9s et parfois m\u00eame \u00e0 partir d&rsquo;une pi\u00e8ce.<br \/>\nDemandez d\u00e8s maintenant votre offre ou laissez-nous vous conseiller.[\/vc_column_text][\/vc_column_inner][vc_column_inner width=\u00a0\u00bb1\/2&Prime;][vc_column_text]<span style=\"font-size: large;\"><b>\u00c9CHARPES DE FAN<br \/>\n<\/b><\/span>[\/vc_column_text][vc_single_image image=\u00a0\u00bb10697&Prime; img_size=\u00a0\u00bb350x250px\u00a0\u00bb style=\u00a0\u00bbvc_box_shadow\u00a0\u00bb][vc_column_text]Notre offre comprend entre autres : \u00c9charpes de voiture, \u00e9charpes en soie et \u00e9charpes en tricot jacquard.<br \/>\nQu&rsquo;elles soient enti\u00e8rement tricot\u00e9es avec un motif ou imprim\u00e9es.<br \/>\nToutes les \u00e9charpes peuvent \u00eatre fabriqu\u00e9es selon vos souhaits individuels.<br \/>\nNous proposons \u00e9galement des casquettes et des bonnets assortis au design de votre club.<\/p>\n<p>La plupart de nos produits sont disponibles en petites quantit\u00e9s et parfois m\u00eame \u00e0 partir d&rsquo;une pi\u00e8ce.<br \/>\nDemandez d\u00e8s maintenant votre offre ou laissez-nous vous conseiller.[\/vc_column_text][\/vc_column_inner][\/vc_row_inner][vc_row_inner][vc_column_inner width=\u00a0\u00bb1\/2&Prime;][vc_column_text]<span style=\"font-size: large;\"><b>PINS &amp; \u00c9PINGLES D&rsquo;HONNEUR<br \/>\n<\/b><\/span>[\/vc_column_text][vc_single_image image=\u00a0\u00bb8331&Prime; img_size=\u00a0\u00bb350x250px\u00a0\u00bb style=\u00a0\u00bbvc_box_shadow\u00a0\u00bb][vc_column_text]<\/p>\n<h4><strong>Pins et insignes d&rsquo;honneur pour votre association. Nous vous \u00e9quipons.<\/strong><\/h4>\n<p>Evodruck propose \u00e9galement un grand choix de pin&rsquo;s et d&rsquo;\u00e9pingles d&rsquo;honneur.<\/p>\n<h4>Parmi les produits disponibles chez nous, on trouve:<\/h4>\n<ul>\n<li>Pins en aluminium imprim\u00e9s avec doming<\/li>\n<li>Epingles \u00e0 cravates et boutons de manchettes<\/li>\n<li>Pins et \u00e9pingles gaufr\u00e9s avec \u00e9mail dur ou doux interpr\u00e9tation<\/li>\n<li>avec ou sans scellement \u00e9poxy.<\/li>\n<li>dor\u00e9s, argent\u00e9s et bien d&rsquo;autres encore.<\/li>\n<\/ul>\n<h4><strong>Fixations possibles :<\/strong><\/h4>\n<ul>\n<li>Fermeture papillon<\/li>\n<li>Epingles de s\u00fbret\u00e9<\/li>\n<li>Epingles \u00e0 broches<\/li>\n<li>Epingles longues avec et sans capuchons de s\u00e9curit\u00e9<\/li>\n<li>Pinces \u00e0 cravates<\/li>\n<\/ul>\n<p>[\/vc_column_text][\/vc_column_inner][vc_column_inner width=\u00a0\u00bb1\/2&Prime;][vc_column_text]<span style=\"font-size: large;\"><b>V\u00caTEMENTS DE SPORT<br \/>\n<\/b><\/span>[\/vc_column_text][vc_single_image image=\u00a0\u00bb8332&Prime; img_size=\u00a0\u00bb350x250px\u00a0\u00bb style=\u00a0\u00bbvc_box_shadow\u00a0\u00bb][vc_column_text]Nous avons un grand choix de v\u00eatements de sport que nous pouvons ennoblir dans notre magasin gr\u00e2ce \u00e0 nos diff\u00e9rents proc\u00e9d\u00e9s.<\/p>\n<p>Vous pouvez consulter ici les catalogues et les informations d\u00e9taill\u00e9es sur nos proc\u00e9d\u00e9s d&rsquo;ennoblissement textile :[\/vc_column_text][\/vc_column_inner][\/vc_row_inner][\/vc_column][\/vc_row]<\/p>\n<\/section>","protected":false},"excerpt":{"rendered":"Contactez-nous... Envoyez-nous d\u00e8s maintenant votre demande. Nous vous recontacterons dans les plus brefs d\u00e9lais \u2013 par e-mail, par t\u00e9l\u00e9phone ou, si vous le souhaitez, lors d\u2019un entretien personnel dans nos&hellip;","protected":false},"author":1,"featured_media":0,"parent":0,"menu_order":0,"comment_status":"closed","ping_status":"closed","template":"page-sidebar.php","meta":{"footnotes":""},"class_list":["post-6738","page","type-page","status-publish","hentry"],"yoast_head":"<!-- This site is optimized with the Yoast SEO plugin v20.13 - https:\/\/yoast.com\/wordpress\/plugins\/seo\/ -->\n<title>Troph\u00e9es &amp; mat\u00e9riel de club - Made4you Publicit\u00e9<\/title>\n<meta name=\"description\" content=\"Votre partenaire pour les fournitures aux clubs, pour les coupes, les troph\u00e9es en verre, les m\u00e9dailles, les tableaux d&#039;honneur, les fanions, les \u00e9charpes de supporters, les pins &amp; les \u00e9pingles d&#039;honneur, les v\u00eatements de sport,...\" \/>\n<meta name=\"robots\" content=\"index, follow, max-snippet:-1, max-image-preview:large, max-video-preview:-1\" \/>\n<link rel=\"canonical\" href=\"https:\/\/evodruck.de\/fr\/trophees-materiel-de-club\/\" \/>\n<meta property=\"og:locale\" content=\"fr_FR\" \/>\n<meta property=\"og:type\" content=\"article\" \/>\n<meta property=\"og:title\" content=\"Troph\u00e9es &amp; mat\u00e9riel de club - Made4you Publicit\u00e9\" \/>\n<meta property=\"og:description\" content=\"Votre partenaire pour les fournitures aux clubs, pour les coupes, les troph\u00e9es en verre, les m\u00e9dailles, les tableaux d&#039;honneur, les fanions, les \u00e9charpes de supporters, les pins &amp; les \u00e9pingles d&#039;honneur, les v\u00eatements de sport,...\" \/>\n<meta property=\"og:url\" content=\"https:\/\/evodruck.de\/fr\/trophees-materiel-de-club\/\" \/>\n<meta property=\"og:site_name\" content=\"Made4you Publicit\u00e9\" \/>\n<meta property=\"article:modified_time\" content=\"2026-01-07T15:08:21+00:00\" \/>\n<meta name=\"twitter:card\" content=\"summary_large_image\" \/>\n<meta name=\"twitter:label1\" content=\"Dur\u00e9e de lecture estim\u00e9e\" \/>\n\t<meta name=\"twitter:data1\" content=\"5 minutes\" \/>\n<script type=\"application\/ld+json\" class=\"yoast-schema-graph\">{\"@context\":\"https:\/\/schema.org\",\"@graph\":[{\"@type\":\"WebPage\",\"@id\":\"https:\/\/evodruck.de\/fr\/trophees-materiel-de-club\/\",\"url\":\"https:\/\/evodruck.de\/fr\/trophees-materiel-de-club\/\",\"name\":\"Troph\u00e9es & mat\u00e9riel de club - Made4you Publicit\u00e9\",\"isPartOf\":{\"@id\":\"https:\/\/evodruck.de\/#website\"},\"datePublished\":\"2021-10-18T13:48:24+00:00\",\"dateModified\":\"2026-01-07T15:08:21+00:00\",\"description\":\"Votre partenaire pour les fournitures aux clubs, pour les coupes, les troph\u00e9es en verre, les m\u00e9dailles, les tableaux d'honneur, les fanions, les \u00e9charpes de supporters, les pins & les \u00e9pingles d'honneur, les v\u00eatements de sport,...\",\"breadcrumb\":{\"@id\":\"https:\/\/evodruck.de\/fr\/trophees-materiel-de-club\/#breadcrumb\"},\"inLanguage\":\"fr-FR\",\"potentialAction\":[{\"@type\":\"ReadAction\",\"target\":[\"https:\/\/evodruck.de\/fr\/trophees-materiel-de-club\/\"]}]},{\"@type\":\"BreadcrumbList\",\"@id\":\"https:\/\/evodruck.de\/fr\/trophees-materiel-de-club\/#breadcrumb\",\"itemListElement\":[{\"@type\":\"ListItem\",\"position\":1,\"name\":\"Startseite\",\"item\":\"https:\/\/evodruck.de\/fr\/\"},{\"@type\":\"ListItem\",\"position\":2,\"name\":\"Troph\u00e9es &#038; mat\u00e9riel de club\"}]},{\"@type\":\"WebSite\",\"@id\":\"https:\/\/evodruck.de\/#website\",\"url\":\"https:\/\/evodruck.de\/\",\"name\":\"Made4you Publicit\u00e9\",\"description\":\"\u00e0 Wasserbillig (LU) &amp; Konz (DE). Votre partenaire en mati\u00e8re de publicit\u00e9, d&#039;impression, de graphisme, d&#039;impression textile, de broderie, de cadeaux publicitaires, de webdesign, de fournitures pour les associations et bien plus encore.\",\"publisher\":{\"@id\":\"https:\/\/evodruck.de\/#organization\"},\"potentialAction\":[{\"@type\":\"SearchAction\",\"target\":{\"@type\":\"EntryPoint\",\"urlTemplate\":\"https:\/\/evodruck.de\/?s={search_term_string}\"},\"query-input\":\"required name=search_term_string\"}],\"inLanguage\":\"fr-FR\"},{\"@type\":\"Organization\",\"@id\":\"https:\/\/evodruck.de\/#organization\",\"name\":\"Made4you Publicit\u00e9\",\"url\":\"https:\/\/evodruck.de\/\",\"logo\":{\"@type\":\"ImageObject\",\"inLanguage\":\"fr-FR\",\"@id\":\"https:\/\/evodruck.de\/#\/schema\/logo\/image\/\",\"url\":\"https:\/\/evodruck.de\/wp-content\/uploads\/2026\/01\/logo.png\",\"contentUrl\":\"https:\/\/evodruck.de\/wp-content\/uploads\/2026\/01\/logo.png\",\"width\":403,\"height\":100,\"caption\":\"Made4you Publicit\u00e9\"},\"image\":{\"@id\":\"https:\/\/evodruck.de\/#\/schema\/logo\/image\/\"}}]}<\/script>\n<!-- \/ Yoast SEO plugin. -->","yoast_head_json":{"title":"Troph\u00e9es & mat\u00e9riel de club - Made4you Publicit\u00e9","description":"Votre partenaire pour les fournitures aux clubs, pour les coupes, les troph\u00e9es en verre, les m\u00e9dailles, les tableaux d'honneur, les fanions, les \u00e9charpes de supporters, les pins & les \u00e9pingles d'honneur, les v\u00eatements de sport,...","robots":{"index":"index","follow":"follow","max-snippet":"max-snippet:-1","max-image-preview":"max-image-preview:large","max-video-preview":"max-video-preview:-1"},"canonical":"https:\/\/evodruck.de\/fr\/trophees-materiel-de-club\/","og_locale":"fr_FR","og_type":"article","og_title":"Troph\u00e9es & mat\u00e9riel de club - Made4you Publicit\u00e9","og_description":"Votre partenaire pour les fournitures aux clubs, pour les coupes, les troph\u00e9es en verre, les m\u00e9dailles, les tableaux d'honneur, les fanions, les \u00e9charpes de supporters, les pins & les \u00e9pingles d'honneur, les v\u00eatements de sport,...","og_url":"https:\/\/evodruck.de\/fr\/trophees-materiel-de-club\/","og_site_name":"Made4you Publicit\u00e9","article_modified_time":"2026-01-07T15:08:21+00:00","twitter_card":"summary_large_image","twitter_misc":{"Dur\u00e9e de lecture estim\u00e9e":"5 minutes"},"schema":{"@context":"https:\/\/schema.org","@graph":[{"@type":"WebPage","@id":"https:\/\/evodruck.de\/fr\/trophees-materiel-de-club\/","url":"https:\/\/evodruck.de\/fr\/trophees-materiel-de-club\/","name":"Troph\u00e9es & mat\u00e9riel de club - Made4you Publicit\u00e9","isPartOf":{"@id":"https:\/\/evodruck.de\/#website"},"datePublished":"2021-10-18T13:48:24+00:00","dateModified":"2026-01-07T15:08:21+00:00","description":"Votre partenaire pour les fournitures aux clubs, pour les coupes, les troph\u00e9es en verre, les m\u00e9dailles, les tableaux d'honneur, les fanions, les \u00e9charpes de supporters, les pins & les \u00e9pingles d'honneur, les v\u00eatements de sport,...","breadcrumb":{"@id":"https:\/\/evodruck.de\/fr\/trophees-materiel-de-club\/#breadcrumb"},"inLanguage":"fr-FR","potentialAction":[{"@type":"ReadAction","target":["https:\/\/evodruck.de\/fr\/trophees-materiel-de-club\/"]}]},{"@type":"BreadcrumbList","@id":"https:\/\/evodruck.de\/fr\/trophees-materiel-de-club\/#breadcrumb","itemListElement":[{"@type":"ListItem","position":1,"name":"Startseite","item":"https:\/\/evodruck.de\/fr\/"},{"@type":"ListItem","position":2,"name":"Troph\u00e9es &#038; mat\u00e9riel de club"}]},{"@type":"WebSite","@id":"https:\/\/evodruck.de\/#website","url":"https:\/\/evodruck.de\/","name":"Made4you Publicit\u00e9","description":"\u00e0 Wasserbillig (LU) &amp; Konz (DE). Votre partenaire en mati\u00e8re de publicit\u00e9, d&#039;impression, de graphisme, d&#039;impression textile, de broderie, de cadeaux publicitaires, de webdesign, de fournitures pour les associations et bien plus encore.","publisher":{"@id":"https:\/\/evodruck.de\/#organization"},"potentialAction":[{"@type":"SearchAction","target":{"@type":"EntryPoint","urlTemplate":"https:\/\/evodruck.de\/?s={search_term_string}"},"query-input":"required name=search_term_string"}],"inLanguage":"fr-FR"},{"@type":"Organization","@id":"https:\/\/evodruck.de\/#organization","name":"Made4you Publicit\u00e9","url":"https:\/\/evodruck.de\/","logo":{"@type":"ImageObject","inLanguage":"fr-FR","@id":"https:\/\/evodruck.de\/#\/schema\/logo\/image\/","url":"https:\/\/evodruck.de\/wp-content\/uploads\/2026\/01\/logo.png","contentUrl":"https:\/\/evodruck.de\/wp-content\/uploads\/2026\/01\/logo.png","width":403,"height":100,"caption":"Made4you Publicit\u00e9"},"image":{"@id":"https:\/\/evodruck.de\/#\/schema\/logo\/image\/"}}]}},"_links":{"self":[{"href":"https:\/\/evodruck.de\/fr\/wp-json\/wp\/v2\/pages\/6738","targetHints":{"allow":["GET"]}}],"collection":[{"href":"https:\/\/evodruck.de\/fr\/wp-json\/wp\/v2\/pages"}],"about":[{"href":"https:\/\/evodruck.de\/fr\/wp-json\/wp\/v2\/types\/page"}],"author":[{"embeddable":true,"href":"https:\/\/evodruck.de\/fr\/wp-json\/wp\/v2\/users\/1"}],"replies":[{"embeddable":true,"href":"https:\/\/evodruck.de\/fr\/wp-json\/wp\/v2\/comments?post=6738"}],"version-history":[{"count":9,"href":"https:\/\/evodruck.de\/fr\/wp-json\/wp\/v2\/pages\/6738\/revisions"}],"predecessor-version":[{"id":12961,"href":"https:\/\/evodruck.de\/fr\/wp-json\/wp\/v2\/pages\/6738\/revisions\/12961"}],"wp:attachment":[{"href":"https:\/\/evodruck.de\/fr\/wp-json\/wp\/v2\/media?parent=6738"}],"curies":[{"name":"wp","href":"https:\/\/api.w.org\/{rel}","templated":true}]}}