{"id":6658,"date":"2022-01-12T15:44:31","date_gmt":"2022-01-12T15:44:31","guid":{"rendered":"https:\/\/evodruck.de\/copyshop-wasserbillig-made4you\/"},"modified":"2026-01-07T11:04:45","modified_gmt":"2026-01-07T11:04:45","slug":"copyshop-wasserbillig-made4you","status":"publish","type":"page","link":"https:\/\/evodruck.de\/fr\/copyshop-wasserbillig-made4you\/","title":{"rendered":"Copyshop"},"content":{"rendered":"<section class=\"wpb-content-wrapper\"><p>[vc_column][\/vc_column][vc_row full_width=\u00a0\u00bbstretch_row\u00a0\u00bb css=\u00a0\u00bb.vc_custom_1642002670934{background-color: #fff1db !important;}\u00a0\u00bb][vc_column][vc_custom_heading text=\u00a0\u00bbEvodruck Copyshop\u00a0\u00bb font_container=\u00a0\u00bbtag:h3|font_size:1.2em|text_align:left|color:%23323232&Prime; use_theme_fonts=\u00a0\u00bbyes\u00a0\u00bb css=\u00a0\u00bb.vc_custom_1767783865758{padding-bottom: 10px !important;}\u00a0\u00bb][vc_row_inner][vc_column_inner][vc_column_text]<\/p>\n<p data-start=\"100\" data-end=\"134\"><strong data-start=\"100\" data-end=\"134\">Pas d\u2019imprimante \u00e0 la maison ?<\/strong><\/p>\n<p data-start=\"136\" data-end=\"227\">Aucun probl\u00e8me. Nous imprimons, copions ou num\u00e9risons vos documents jusqu\u2019au format DIN A3.<\/p>\n<p data-start=\"229\" data-end=\"397\">En cas de volumes importants, de nombreux scans ou de plusieurs documents diff\u00e9rents \u00e0 traiter, un l\u00e9ger suppl\u00e9ment peut \u00eatre appliqu\u00e9 pour la pr\u00e9paration des fichiers.<\/p>\n<p data-start=\"399\" data-end=\"732\">Pour un r\u00e9sultat d\u2019impression optimal, nous recommandons de fournir vos fichiers au <strong data-start=\"483\" data-end=\"497\">format PDF<\/strong>. Les documents issus de Microsoft Word ou d\u2019autres logiciels peuvent pr\u00e9senter des diff\u00e9rences de mise en page, ce qui peut entra\u00eener des erreurs \u00e0 l\u2019impression. C\u2019est pourquoi un fichier PDF est toujours pr\u00e9f\u00e9rable pour l\u2019impression.<\/p>\n<p>[\/vc_column_text][\/vc_column_inner][\/vc_row_inner][\/vc_column][\/vc_row][vc_row gap=\u00a0\u00bb35&Prime;][vc_column][vc_row_inner][vc_column_inner width=\u00a0\u00bb1\/2&Prime;][vc_column_text css=\u00a0\u00bb.vc_custom_1643037392816{padding-top: 5px !important;padding-right: 5px !important;padding-bottom: 5px !important;padding-left: 5px !important;background-color: #d3d3d3 !important;}\u00a0\u00bb]<\/p>\n<h5><strong>COPIES DIN A4 IMPRESSIONS |<br \/>\nNOIR\/BLANC<\/strong><\/h5>\n<p>[\/vc_column_text][vc_column_text]\n<table id=\"tablepress-1\" class=\"tablepress tablepress-id-1\">\n<thead>\n<tr class=\"row-1 odd\">\n\t<th class=\"column-1\">ANZAHL<\/th><th class=\"column-2\">A4 1\/0<\/th><th class=\"column-3\">A4 1\/1<\/th>\n<\/tr>\n<\/thead>\n<tbody class=\"row-hover\">\n<tr class=\"row-2 even\">\n\t<td class=\"column-1\">1-10<\/td><td class=\"column-2\">0,25\u20ac<\/td><td class=\"column-3\">0,30\u20ac<\/td>\n<\/tr>\n<tr class=\"row-3 odd\">\n\t<td class=\"column-1\">11-50<\/td><td class=\"column-2\">0,17\u20ac<\/td><td class=\"column-3\">0,22\u20ac<\/td>\n<\/tr>\n<tr class=\"row-4 even\">\n\t<td class=\"column-1\">51-100<\/td><td class=\"column-2\">0,15\u20ac<\/td><td class=\"column-3\">0,20\u20ac<\/td>\n<\/tr>\n<tr class=\"row-5 odd\">\n\t<td class=\"column-1\">101-300<\/td><td class=\"column-2\">0,14\u20ac<\/td><td class=\"column-3\">0,19\u20ac<\/td>\n<\/tr>\n<tr class=\"row-6 even\">\n\t<td class=\"column-1\">301-500<\/td><td class=\"column-2\">0,13\u20ac<\/td><td class=\"column-3\">0,18\u20ac<\/td>\n<\/tr>\n<tr class=\"row-7 odd\">\n\t<td class=\"column-1\">ab 500<\/td><td class=\"column-2\">0,12\u20ac<\/td><td class=\"column-3\">0,17\u20ac<\/td>\n<\/tr>\n<\/tbody>\n<\/table>\n<!-- #tablepress-1 from cache -->[\/vc_column_text][vc_column_text]<em>* Nos prix s&rsquo;entendent par feuille sur papier standard blanc 80g, TVA incluse.<br \/>\n** pas d&rsquo;impression sans bord ni de d\u00e9coupe<\/em><\/p>\n<p>[\/vc_column_text][\/vc_column_inner][vc_column_inner width=\u00a0\u00bb1\/2&Prime;][vc_column_text css=\u00a0\u00bb.vc_custom_1643037404132{padding-top: 5px !important;padding-right: 5px !important;padding-bottom: 5px !important;padding-left: 5px !important;background-color: #d3d3d3 !important;}\u00a0\u00bb]<\/p>\n<h5><strong>COPIES DIN A4 IMPRESSIONS |<br \/>\nCOULEUR<\/strong><\/h5>\n<p>[\/vc_column_text][vc_column_text]\n<table id=\"tablepress-2\" class=\"tablepress tablepress-id-2\">\n<thead>\n<tr class=\"row-1 odd\">\n\t<th class=\"column-1\">ANZAHL<\/th><th class=\"column-2\">A4 1\/0<\/th><th class=\"column-3\">A4 1\/1<\/th>\n<\/tr>\n<\/thead>\n<tbody class=\"row-hover\">\n<tr class=\"row-2 even\">\n\t<td class=\"column-1\">1-10<\/td><td class=\"column-2\">0,70\u20ac<\/td><td class=\"column-3\">0,85\u20ac<\/td>\n<\/tr>\n<tr class=\"row-3 odd\">\n\t<td class=\"column-1\">11-50<\/td><td class=\"column-2\">0,50\u20ac<\/td><td class=\"column-3\">0,65\u20ac<\/td>\n<\/tr>\n<tr class=\"row-4 even\">\n\t<td class=\"column-1\">51-100<\/td><td class=\"column-2\">0,45\u20ac<\/td><td class=\"column-3\">0,60\u20ac<\/td>\n<\/tr>\n<tr class=\"row-5 odd\">\n\t<td class=\"column-1\">101-300<\/td><td class=\"column-2\">0,40\u20ac<\/td><td class=\"column-3\">0,55\u20ac<\/td>\n<\/tr>\n<tr class=\"row-6 even\">\n\t<td class=\"column-1\">301-500<\/td><td class=\"column-2\">0,35\u20ac<\/td><td class=\"column-3\">0,50\u20ac<\/td>\n<\/tr>\n<tr class=\"row-7 odd\">\n\t<td class=\"column-1\">ab 500<\/td><td class=\"column-2\">0,30\u20ac<\/td><td class=\"column-3\">0,45\u20ac<\/td>\n<\/tr>\n<\/tbody>\n<\/table>\n<!-- #tablepress-2 from cache -->[\/vc_column_text][vc_column_text]<em>* Nos prix s&rsquo;entendent par feuille sur papier standard blanc 80g, TVA incluse.<br \/>\n** pas d&rsquo;impression sans bord ni de d\u00e9coupe<br \/>\n<\/em>[\/vc_column_text][\/vc_column_inner][\/vc_row_inner][vc_row_inner][vc_column_inner width=\u00a0\u00bb1\/2&Prime;][vc_column_text css=\u00a0\u00bb.vc_custom_1643037415227{padding-top: 5px !important;padding-right: 5px !important;padding-bottom: 5px !important;padding-left: 5px !important;background-color: #d3d3d3 !important;}\u00a0\u00bb]<\/p>\n<h5><strong>COPIES DIN A3 IMPRESSIONS |<br \/>\nNOIR\/BLANC<\/strong><\/h5>\n<p>[\/vc_column_text][vc_column_text]\n<table id=\"tablepress-3\" class=\"tablepress tablepress-id-3\">\n<thead>\n<tr class=\"row-1 odd\">\n\t<th class=\"column-1\">ANZAHL<\/th><th class=\"column-2\">A3 1\/0<\/th><th class=\"column-3\">A3 1\/1<\/th>\n<\/tr>\n<\/thead>\n<tbody class=\"row-hover\">\n<tr class=\"row-2 even\">\n\t<td class=\"column-1\">1-10<\/td><td class=\"column-2\">0,50\u20ac<\/td><td class=\"column-3\">0,60\u20ac<\/td>\n<\/tr>\n<tr class=\"row-3 odd\">\n\t<td class=\"column-1\">11-50<\/td><td class=\"column-2\">0,34\u20ac<\/td><td class=\"column-3\">0,44\u20ac<\/td>\n<\/tr>\n<tr class=\"row-4 even\">\n\t<td class=\"column-1\">51-100<\/td><td class=\"column-2\">0,30\u20ac<\/td><td class=\"column-3\">0,40\u20ac<\/td>\n<\/tr>\n<tr class=\"row-5 odd\">\n\t<td class=\"column-1\">101-300<\/td><td class=\"column-2\">0,28\u20ac<\/td><td class=\"column-3\">0,38\u20ac<\/td>\n<\/tr>\n<tr class=\"row-6 even\">\n\t<td class=\"column-1\">301-500<\/td><td class=\"column-2\">0,26\u20ac<\/td><td class=\"column-3\">0,36\u20ac<\/td>\n<\/tr>\n<tr class=\"row-7 odd\">\n\t<td class=\"column-1\">ab 500<\/td><td class=\"column-2\">0,24\u20ac<\/td><td class=\"column-3\">0,34\u20ac<\/td>\n<\/tr>\n<\/tbody>\n<\/table>\n<!-- #tablepress-3 from cache -->[\/vc_column_text][vc_column_text]<em>* Nos prix s&rsquo;entendent par feuille sur papier standard blanc 80g, TVA incluse.<br \/>\n** pas d&rsquo;impression sans bord ni de d\u00e9coupe<br \/>\n<\/em>[\/vc_column_text][\/vc_column_inner][vc_column_inner width=\u00a0\u00bb1\/2&Prime;][vc_column_text css=\u00a0\u00bb.vc_custom_1643037428109{padding-top: 5px !important;padding-right: 5px !important;padding-bottom: 5px !important;padding-left: 5px !important;background-color: #d3d3d3 !important;}\u00a0\u00bb]<\/p>\n<h5><strong>COPIES DIN A3 IMPRESSIONS |<br \/>\nCOULEUR<\/strong><\/h5>\n<p>[\/vc_column_text][vc_column_text]\n<table id=\"tablepress-4\" class=\"tablepress tablepress-id-4\">\n<thead>\n<tr class=\"row-1 odd\">\n\t<th class=\"column-1\">ANZAHL<\/th><th class=\"column-2\">A3 1\/0<\/th><th class=\"column-3\">A3 1\/1<\/th>\n<\/tr>\n<\/thead>\n<tbody class=\"row-hover\">\n<tr class=\"row-2 even\">\n\t<td class=\"column-1\">1-10<\/td><td class=\"column-2\">1,40\u20ac<\/td><td class=\"column-3\">1,70\u20ac<\/td>\n<\/tr>\n<tr class=\"row-3 odd\">\n\t<td class=\"column-1\">11-50<\/td><td class=\"column-2\">1,00\u20ac<\/td><td class=\"column-3\">1,30\u20ac<\/td>\n<\/tr>\n<tr class=\"row-4 even\">\n\t<td class=\"column-1\">51-100<\/td><td class=\"column-2\">0,90\u20ac<\/td><td class=\"column-3\">1,20\u20ac<\/td>\n<\/tr>\n<tr class=\"row-5 odd\">\n\t<td class=\"column-1\">101-300<\/td><td class=\"column-2\">0,80\u20ac<\/td><td class=\"column-3\">1,10\u20ac<\/td>\n<\/tr>\n<tr class=\"row-6 even\">\n\t<td class=\"column-1\">301-500<\/td><td class=\"column-2\">0,70\u20ac<\/td><td class=\"column-3\">1,00\u20ac<\/td>\n<\/tr>\n<tr class=\"row-7 odd\">\n\t<td class=\"column-1\">ab 500<\/td><td class=\"column-2\">0,60\u20ac<\/td><td class=\"column-3\">0,90\u20ac<\/td>\n<\/tr>\n<\/tbody>\n<\/table>\n<!-- #tablepress-4 from cache -->[\/vc_column_text][vc_column_text]<em>* Nos prix s&rsquo;entendent par feuille sur papier standard blanc 80g, TVA incluse.<br \/>\n** pas d&rsquo;impression sans bord ni de d\u00e9coupe<br \/>\n<\/em>[\/vc_column_text][\/vc_column_inner][\/vc_row_inner][\/vc_column][\/vc_row]<\/p>\n<\/section>","protected":false},"excerpt":{"rendered":"[vc_column][\/vc_column][vc_row full_width=\"stretch_row\" css=\".vc_custom_1642002670934{background-color: #fff1db !important;}\"][vc_column][vc_custom_heading text=\"Evodruck Copyshop\" font_container=\"tag:h3|font_size:1.2em|text_align:left|color:%23323232\" use_theme_fonts=\"yes\" css=\".vc_custom_1767783865758{padding-bottom: 10px !important;}\"][vc_row_inner][vc_column_inner][vc_column_text] Pas d\u2019imprimante \u00e0 la maison ? Aucun probl\u00e8me. Nous imprimons, copions ou num\u00e9risons vos documents jusqu\u2019au format DIN&hellip;","protected":false},"author":1,"featured_media":0,"parent":0,"menu_order":0,"comment_status":"closed","ping_status":"closed","template":"page-vc-sidebar.php","meta":{"footnotes":""},"class_list":["post-6658","page","type-page","status-publish","hentry"],"yoast_head":"<!-- This site is optimized with the Yoast SEO plugin v20.13 - https:\/\/yoast.com\/wordpress\/plugins\/seo\/ -->\n<title>Copyshop Wasserbillig - Made4you Publicit\u00e9<\/title>\n<meta name=\"description\" content=\"Pas d&#039;imprimante \u00e0 la maison ? Pas de probl\u00e8me ! Nous pouvons copier, scanner ou imprimer les documents que vous souhaitez jusqu&#039;au format A3.\" \/>\n<meta name=\"robots\" content=\"index, follow, max-snippet:-1, max-image-preview:large, max-video-preview:-1\" \/>\n<link rel=\"canonical\" href=\"https:\/\/evodruck.de\/fr\/copyshop-wasserbillig-made4you\/\" \/>\n<meta property=\"og:locale\" content=\"fr_FR\" \/>\n<meta property=\"og:type\" content=\"article\" \/>\n<meta property=\"og:title\" content=\"Copyshop Wasserbillig - Made4you Publicit\u00e9\" \/>\n<meta property=\"og:description\" content=\"Pas d&#039;imprimante \u00e0 la maison ? Pas de probl\u00e8me ! Nous pouvons copier, scanner ou imprimer les documents que vous souhaitez jusqu&#039;au format A3.\" \/>\n<meta property=\"og:url\" content=\"https:\/\/evodruck.de\/fr\/copyshop-wasserbillig-made4you\/\" \/>\n<meta property=\"og:site_name\" content=\"Made4you Publicit\u00e9\" \/>\n<meta property=\"article:modified_time\" content=\"2026-01-07T11:04:45+00:00\" \/>\n<meta name=\"twitter:card\" content=\"summary_large_image\" \/>\n<meta name=\"twitter:label1\" content=\"Dur\u00e9e de lecture estim\u00e9e\" \/>\n\t<meta name=\"twitter:data1\" content=\"2 minutes\" \/>\n<script type=\"application\/ld+json\" class=\"yoast-schema-graph\">{\"@context\":\"https:\/\/schema.org\",\"@graph\":[{\"@type\":\"WebPage\",\"@id\":\"https:\/\/evodruck.de\/fr\/copyshop-wasserbillig-made4you\/\",\"url\":\"https:\/\/evodruck.de\/fr\/copyshop-wasserbillig-made4you\/\",\"name\":\"Copyshop Wasserbillig - Made4you Publicit\u00e9\",\"isPartOf\":{\"@id\":\"https:\/\/evodruck.de\/#website\"},\"datePublished\":\"2022-01-12T15:44:31+00:00\",\"dateModified\":\"2026-01-07T11:04:45+00:00\",\"description\":\"Pas d'imprimante \u00e0 la maison ? Pas de probl\u00e8me ! Nous pouvons copier, scanner ou imprimer les documents que vous souhaitez jusqu'au format A3.\",\"breadcrumb\":{\"@id\":\"https:\/\/evodruck.de\/fr\/copyshop-wasserbillig-made4you\/#breadcrumb\"},\"inLanguage\":\"fr-FR\",\"potentialAction\":[{\"@type\":\"ReadAction\",\"target\":[\"https:\/\/evodruck.de\/fr\/copyshop-wasserbillig-made4you\/\"]}]},{\"@type\":\"BreadcrumbList\",\"@id\":\"https:\/\/evodruck.de\/fr\/copyshop-wasserbillig-made4you\/#breadcrumb\",\"itemListElement\":[{\"@type\":\"ListItem\",\"position\":1,\"name\":\"Startseite\",\"item\":\"https:\/\/evodruck.de\/fr\/\"},{\"@type\":\"ListItem\",\"position\":2,\"name\":\"Copyshop\"}]},{\"@type\":\"WebSite\",\"@id\":\"https:\/\/evodruck.de\/#website\",\"url\":\"https:\/\/evodruck.de\/\",\"name\":\"Made4you Publicit\u00e9\",\"description\":\"\u00e0 Wasserbillig (LU) &amp; Konz (DE). Votre partenaire en mati\u00e8re de publicit\u00e9, d&#039;impression, de graphisme, d&#039;impression textile, de broderie, de cadeaux publicitaires, de webdesign, de fournitures pour les associations et bien plus encore.\",\"publisher\":{\"@id\":\"https:\/\/evodruck.de\/#organization\"},\"potentialAction\":[{\"@type\":\"SearchAction\",\"target\":{\"@type\":\"EntryPoint\",\"urlTemplate\":\"https:\/\/evodruck.de\/?s={search_term_string}\"},\"query-input\":\"required name=search_term_string\"}],\"inLanguage\":\"fr-FR\"},{\"@type\":\"Organization\",\"@id\":\"https:\/\/evodruck.de\/#organization\",\"name\":\"Made4you Publicit\u00e9\",\"url\":\"https:\/\/evodruck.de\/\",\"logo\":{\"@type\":\"ImageObject\",\"inLanguage\":\"fr-FR\",\"@id\":\"https:\/\/evodruck.de\/#\/schema\/logo\/image\/\",\"url\":\"https:\/\/evodruck.de\/wp-content\/uploads\/2026\/01\/logo.png\",\"contentUrl\":\"https:\/\/evodruck.de\/wp-content\/uploads\/2026\/01\/logo.png\",\"width\":403,\"height\":100,\"caption\":\"Made4you Publicit\u00e9\"},\"image\":{\"@id\":\"https:\/\/evodruck.de\/#\/schema\/logo\/image\/\"}}]}<\/script>\n<!-- \/ Yoast SEO plugin. -->","yoast_head_json":{"title":"Copyshop Wasserbillig - Made4you Publicit\u00e9","description":"Pas d'imprimante \u00e0 la maison ? Pas de probl\u00e8me ! Nous pouvons copier, scanner ou imprimer les documents que vous souhaitez jusqu'au format A3.","robots":{"index":"index","follow":"follow","max-snippet":"max-snippet:-1","max-image-preview":"max-image-preview:large","max-video-preview":"max-video-preview:-1"},"canonical":"https:\/\/evodruck.de\/fr\/copyshop-wasserbillig-made4you\/","og_locale":"fr_FR","og_type":"article","og_title":"Copyshop Wasserbillig - Made4you Publicit\u00e9","og_description":"Pas d'imprimante \u00e0 la maison ? Pas de probl\u00e8me ! Nous pouvons copier, scanner ou imprimer les documents que vous souhaitez jusqu'au format A3.","og_url":"https:\/\/evodruck.de\/fr\/copyshop-wasserbillig-made4you\/","og_site_name":"Made4you Publicit\u00e9","article_modified_time":"2026-01-07T11:04:45+00:00","twitter_card":"summary_large_image","twitter_misc":{"Dur\u00e9e de lecture estim\u00e9e":"2 minutes"},"schema":{"@context":"https:\/\/schema.org","@graph":[{"@type":"WebPage","@id":"https:\/\/evodruck.de\/fr\/copyshop-wasserbillig-made4you\/","url":"https:\/\/evodruck.de\/fr\/copyshop-wasserbillig-made4you\/","name":"Copyshop Wasserbillig - Made4you Publicit\u00e9","isPartOf":{"@id":"https:\/\/evodruck.de\/#website"},"datePublished":"2022-01-12T15:44:31+00:00","dateModified":"2026-01-07T11:04:45+00:00","description":"Pas d'imprimante \u00e0 la maison ? Pas de probl\u00e8me ! Nous pouvons copier, scanner ou imprimer les documents que vous souhaitez jusqu'au format A3.","breadcrumb":{"@id":"https:\/\/evodruck.de\/fr\/copyshop-wasserbillig-made4you\/#breadcrumb"},"inLanguage":"fr-FR","potentialAction":[{"@type":"ReadAction","target":["https:\/\/evodruck.de\/fr\/copyshop-wasserbillig-made4you\/"]}]},{"@type":"BreadcrumbList","@id":"https:\/\/evodruck.de\/fr\/copyshop-wasserbillig-made4you\/#breadcrumb","itemListElement":[{"@type":"ListItem","position":1,"name":"Startseite","item":"https:\/\/evodruck.de\/fr\/"},{"@type":"ListItem","position":2,"name":"Copyshop"}]},{"@type":"WebSite","@id":"https:\/\/evodruck.de\/#website","url":"https:\/\/evodruck.de\/","name":"Made4you Publicit\u00e9","description":"\u00e0 Wasserbillig (LU) &amp; Konz (DE). Votre partenaire en mati\u00e8re de publicit\u00e9, d&#039;impression, de graphisme, d&#039;impression textile, de broderie, de cadeaux publicitaires, de webdesign, de fournitures pour les associations et bien plus encore.","publisher":{"@id":"https:\/\/evodruck.de\/#organization"},"potentialAction":[{"@type":"SearchAction","target":{"@type":"EntryPoint","urlTemplate":"https:\/\/evodruck.de\/?s={search_term_string}"},"query-input":"required name=search_term_string"}],"inLanguage":"fr-FR"},{"@type":"Organization","@id":"https:\/\/evodruck.de\/#organization","name":"Made4you Publicit\u00e9","url":"https:\/\/evodruck.de\/","logo":{"@type":"ImageObject","inLanguage":"fr-FR","@id":"https:\/\/evodruck.de\/#\/schema\/logo\/image\/","url":"https:\/\/evodruck.de\/wp-content\/uploads\/2026\/01\/logo.png","contentUrl":"https:\/\/evodruck.de\/wp-content\/uploads\/2026\/01\/logo.png","width":403,"height":100,"caption":"Made4you Publicit\u00e9"},"image":{"@id":"https:\/\/evodruck.de\/#\/schema\/logo\/image\/"}}]}},"_links":{"self":[{"href":"https:\/\/evodruck.de\/fr\/wp-json\/wp\/v2\/pages\/6658","targetHints":{"allow":["GET"]}}],"collection":[{"href":"https:\/\/evodruck.de\/fr\/wp-json\/wp\/v2\/pages"}],"about":[{"href":"https:\/\/evodruck.de\/fr\/wp-json\/wp\/v2\/types\/page"}],"author":[{"embeddable":true,"href":"https:\/\/evodruck.de\/fr\/wp-json\/wp\/v2\/users\/1"}],"replies":[{"embeddable":true,"href":"https:\/\/evodruck.de\/fr\/wp-json\/wp\/v2\/comments?post=6658"}],"version-history":[{"count":5,"href":"https:\/\/evodruck.de\/fr\/wp-json\/wp\/v2\/pages\/6658\/revisions"}],"predecessor-version":[{"id":12769,"href":"https:\/\/evodruck.de\/fr\/wp-json\/wp\/v2\/pages\/6658\/revisions\/12769"}],"wp:attachment":[{"href":"https:\/\/evodruck.de\/fr\/wp-json\/wp\/v2\/media?parent=6658"}],"curies":[{"name":"wp","href":"https:\/\/api.w.org\/{rel}","templated":true}]}}